{"id":20,"date":"2014-11-05T20:05:27","date_gmt":"2014-11-05T18:05:27","guid":{"rendered":"http:\/\/www.cs.kredt.net\/?page_id=20"},"modified":"2014-11-05T20:05:27","modified_gmt":"2014-11-05T18:05:27","slug":"agb","status":"publish","type":"page","link":"https:\/\/www.xn--claudiaschfer-kfb.de\/?page_id=20","title":{"rendered":"AGB"},"content":{"rendered":"<p><strong>Teilnahmehinweise und AGB<\/strong><\/p>\n<p><strong>Anmeldung<\/strong><\/p>\n<p>F\u00fcr eine verbindliche Anmeldung senden Sie mir bitte:<\/p>\n<ul>\n<li>das Anmeldeformular im Original per Post zu<\/li>\n<li>alternativ eine E-Mail mit folgendem Inhalt \u201eHiermit melde ich mich verbindlich f\u00fcr (Name der Veranstaltung und Datum) an. Mit dieser Anmeldung akzeptiere ich die Allgemeinen Gesch\u00e4ftsbedingungen (AGB). Meine vollst\u00e4ndigen Kontaktdaten (Name, Vorname; Fon, Adresse, Geburtsdatum lauten:&#8230;&#8230;.\u201cE-Mail: claudia-schaefer-coaching@t-online.de oder per Brief an: Claudia Sch\u00e4fer, Bloemstr. 8, 40468 D\u00fcsseldorf<\/li>\n<\/ul>\n<p><strong>Hinweis:<\/strong><\/p>\n<ul>\n<li>Die Veranstaltungen finden nur bei ausreichendem Interesse statt. Dies steht meist erst nach dem Fr\u00fchbuchertermin fest, also etwa zwei bis vier Wochen vor der Veranstaltung. Daher bitte bei Buchungen von \u00dcbernachtung und Anreise auf Stornierungsm\u00f6glichkeiten achten bzw. eine Seminarr\u00fccktritts-Versicherung abschlie\u00dfen (z.B. <a href=\"http:\/\/www.reiseversicherung.de\/de\/versicherung\/eintrittskarten-seminare\/seminar.html\">ERV<\/a>).<\/li>\n<\/ul>\n<p>&nbsp;<\/p>\n<p><strong>Absage durch den Veranstalter<\/strong><\/p>\n<p>Sollte die Veranstaltung aus zwingenden pers\u00f6nlichen Gr\u00fcnden vom Veranstalter abgesagt werden (Trauerfall, Krankheit) wird die Teilnahmegeb\u00fchr in voller H\u00f6he zur\u00fcckerstattet.<\/p>\n<p>Bei erforderlicher Absage aus anderen Gr\u00fcnden (z.B. mangelnde Teilnehmer wegen zu geringer Teilnehmeranzahl oder durch kurzfristige Teilnehmer-Absagen) wird ein Ersatztermin genannt und die bereits gezahlte Geb\u00fchr in voller H\u00f6he angerechnet. In diesem Fall verbleibt der Betrag beim Veranstalter.<\/p>\n<p>Kann der Teilnehmer am Ersatztermin nicht, kann er vom Veranstalter die R\u00fcckzahlung der Geb\u00fchr verlangen. Die Geb\u00fchr wird andernfalls, z.B. bei sp\u00e4terer Teilnahme an einer Veranstaltung oder bei Inanspruchnahme anderer Angebote, in voller H\u00f6he angerechnet. Der Veranstalter \u00fcbernimmt keine Haftung zur Erstattung von Hotel und Reisekosten oder andere dem Teilnehmer entstandene Auslagen\/Ausf\u00e4lle. Dieses Risiko k\u00f6nnen Sie jedoch selbst \u00fcber eine Seminarr\u00fccktritts-Versicherung absichern (z.B. <a href=\"http:\/\/www.reiseversicherung.de\/de\/versicherung\/eintrittskarten-seminare\/seminar.html\">ERV<\/a> &#8211; <a href=\"http:\/\/www.rolflutterbeck.de\/agb.html#\">Stand 2013<\/a>: ca. 3-4% der Versicherungssumme). Weitere Anspr\u00fcche k\u00f6nnen nicht geltend gemacht werden.<\/p>\n<p>&nbsp;<\/p>\n<p><strong>Veranstaltungsgeb\u00fchren<\/strong><\/p>\n<p>Bitte \u00fcberweisen Sie erst nach Erhalt der Rechnung bis sp\u00e4testens 1 Woche vor Beginn der Veranstaltung, sofern in der Seminarbeschreibung oder in der Rechnung nicht eine andere Regelung beschrieben ist. Ratenzahlung ist nur in Absprache mit dem Veranstalter (meist mit Aufpreis) m\u00f6glich. In der Geb\u00fchr ist &#8211; sofern nicht anders angegeben &#8211; die Raumgeb\u00fchr aber keine Pausenverpflegung und keine \u00dcbernachtung enthalten.<\/p>\n<p>&nbsp;<\/p>\n<p><strong>Stornierungen<\/strong><\/p>\n<p>Die Anmeldung zu den Veranstaltungen verpflichtet zur Zahlung der Geb\u00fchr. Die Stornierung von Buchungen ist bis 1 Monat vor dem Beginn kostenlos, sofern in der Seminarbeschreibung \/ Rechnung nicht eine andere Regel beschrieben ist). Danach wird eine Stornierungsgeb\u00fchr in H\u00f6he von 50% f\u00e4llig.<\/p>\n<p>Die Verpflichtung zur Zahlung der halben oder ganzen Geb\u00fchr entf\u00e4llt, wenn eine Ersatzperson verbindlich gestellt wird. <strong> Stornierung\/Absage von Einzelterminen (Coaching, Einzelaufstellung, etc.) und Vorauszahlungen im Rahmen eines Service-Paketes,<\/strong> eine Stornierung von vereinbarten Terminen in D\u00fcsseldorf ist bis zu zwei Werktagen vorher kostenfrei. Bei einer Stornierung bis 17 Uhr am Werktag vor dem Termin werden 70,- \u20ac Ausfallentsch\u00e4digung berechnet. Bei sp\u00e4teren Absagen bzw. Stornierungen werden 2\/3 des gebuchten Arrangements in \u20ac berechnet.<\/p>\n<p>Der Leistungsumfang richtet sich nach der Absprache zwischen dem Coach und dem Teilnehmer\/Klienten, die Grundlage ist die Rechnung oder\/und zus\u00e4tzliche schriftliche Vereinbarungen. Der Klient erkl\u00e4rt sich durch Zahlung der Rechnung damit einverstanden.<\/p>\n<p><strong>Nicht In-Anspruchnahme von Leistungen durch den Teilnehmer\/Klienten<\/strong><\/p>\n<p>Werden einzelne Leistungen vom Teilnehmer\/Klienten nicht in Anspruch genommen, so kann keine R\u00fcckerstattung des Gesamt- oder Teilbetrages in Anspruch genommen werden.<\/p>\n<p>&nbsp;<\/p>\n<p><strong>Ort<\/strong><\/p>\n<p>Veranstaltungen finden \u00fcberwiegend im Haus Bloemstr. 8 in 40468 D\u00fcsseldorf statt. Andere Veranstaltungsorte werden entsprechend mitgeteilt. Es besteht f\u00fcr die Teilnehmer kein R\u00fccktrittsrecht, wenn der Veranstalter aus wichtigen Gr\u00fcnden den geplanten Veranstaltungsort wechseln muss. Sichern Sie Ihr Risiko (Hotel-, Reisekosten) ggf. \u00fcber eine Seminarr\u00fccktritts-Versicherung ab (z.B. <a href=\"http:\/\/www.reiseversicherung.de\/de\/versicherung\/eintrittskarten-seminare\/seminar.html\">ERV<\/a> &#8211; <a href=\"http:\/\/www.rolflutterbeck.de\/agb.html#\">Stand 2013<\/a>: ca. 3-4% der Versicherungssumme).<\/p>\n<p>&nbsp;<\/p>\n<p><strong>Haftungsausschluss<\/strong><\/p>\n<p>Jede Teilnehmerin und jeder Teilnehmer tr\u00e4gt die volle Verantwortung innerhalb und au\u00dferhalb der Veranstaltung. F\u00fcr Sch\u00e4den, Diebstahl oder Unf\u00e4lle im Rahmen vor, w\u00e4hrend und nach der Veranstaltung oder anderen Terminen \u00fcbernimmt der Veranstalter bzw. Ausf\u00fchrende keine Haftung.<\/p>\n<p>Die Veranstaltungen, Anwendungen und Coachings haben teilweise Selbsterfahrungscharakter und ersetzen keine Psychotherapie oder \u00e4rztliche Behandlung. Die Klienten und Teilnehmer \u00fcbernehmen die volle Verantwortung f\u00fcr ihre eigene psychische, emotionale und k\u00f6rperliche Belastbarkeit; aus eventuellen Folgen durch die Teilnahme k\u00f6nnen keine Anspr\u00fcche abgeleitet werden.<\/p>\n<p>&nbsp;<\/p>\n<p><strong>Vertraulichkeitserkl\u00e4rung<\/strong><\/p>\n<p>Alle Teilnehmer und der Veranstalter verpflichten sich, s\u00e4mtliche pers\u00f6nlichen Informationen, die sie w\u00e4hrend einer Veranstaltung \u00fcber andere Personen erhalten, streng vertraulich zu behandeln und nicht an Dritte weiterzugeben (Schweigepflicht). Personen, die sich w\u00e4hrend einer Veranstaltung als Klient zur Verf\u00fcgung stellen, tragen damit auch die Verantwortung daf\u00fcr, dass andere Teilnehmer evtl. pers\u00f6nliche Informationen \u00fcber sie erfahren. Diese Vertraulichkeitse-rkl\u00e4rung gilt auch f\u00fcr andere Anwendungen und f\u00fcr Coachings. Im Rahmen einer Aufstellung ist die Offenlegung pers\u00f6nlicher Informationen freiwillig, durch das Format der verdeckten Aufstellung kann die Offenlegung jederzeit vermieden werden. Die Verantwortung liegt beim Teilnehmer.<\/p>\n<p>&nbsp;<\/p>\n<p><strong>Widerrufsbelehrung f\u00fcr Verbraucher (Privatpersonen)<\/strong> Widerrufsrecht und -folgen: Schlie\u00dft ein Verbraucher unter ausschlie\u00dflicher Verwendung von Fernkommunikations-mitteln (z. B. Brief, E-Mail, Fax, Telefon) einen Vertrag mit Claudia Sch\u00e4fer, so kann er seine Vertragserkl\u00e4rung innerhalb von zwei Wochen ohne Angaben von Gr\u00fcnden in Textform (z. B. per Brief, Fax, E-Mail) widerrufen. Die Frist beginnt nach Erhalt dieser Belehrung in Textform, jedoch nicht vor Vertragsschluss. Zur Wahrung der Widerrufsfrist gen\u00fcgt die rechtzeitige Absendung des Widerrufs. Zu richten ist der Widerruf an Claudia Sch\u00e4fer, Bloemstr. 8, 40468 D\u00fcsseldorf Das Widerrufsrecht erlischt, wenn Claudia Sch\u00e4fer mit der Ausf\u00fchrung der Leistung mit ausdr\u00fccklicher Zustimmung des Verbrauchers vor Ende der Widerrufsfrist begonnen hat oder der Verbraucher dies selbst veranlasst hat. Dieser Fall liegt insbesondere vor, wenn der Teilnehmer an der Veranstaltung teilnimmt.<\/p>\n<p>Nach wirksamer Aus\u00fcbung des Widerrufsrechtes werden evtl. erfolgte Zahlungen des Teilnehmers innerhalb von 30 Tagen durch Claudia Sch\u00e4fer an diesen zur\u00fcckerstattet. Die Frist beginnt mit dem Empfang der Widerrufserkl\u00e4rung. Verbraucher ist eine nat\u00fcrliche Person, die das Rechtsgesch\u00e4ft weder zum Zwecke einer gewerblichen noch selbst\u00e4ndigen beruflichen T\u00e4tigkeit abgeschlossen hat.<\/p>\n<p><strong>Hinweis:<\/strong><\/p>\n<p>Mit Ihrer Unterschrift auf den Anmeldungen und den Klientenerkl\u00e4rungen sowie durch elektronisch per e-mail oder auf meiner Internetpr\u00e4senz veranlasste Anmeldungen\/Terminbuchungen oder der Zahlung des Rechnungsbetrages akzeptieren Sie diese AGB.<\/p>\n","protected":false},"excerpt":{"rendered":"<p>Teilnahmehinweise und AGB Anmeldung F\u00fcr eine verbindliche Anmeldung senden Sie mir bitte: das Anmeldeformular im Original per Post zu alternativ eine E-Mail mit folgendem Inhalt \u201eHiermit melde ich mich verbindlich f\u00fcr (Name der Veranstaltung und Datum) an. Mit dieser Anmeldung akzeptiere ich die Allgemeinen Gesch\u00e4ftsbedingungen (AGB). Meine vollst\u00e4ndigen Kontaktdaten (Name, Vorname; Fon, Adresse, Geburtsdatum lauten:&#8230;&#8230;.\u201cE-Mail: [&hellip;]<\/p>\n","protected":false},"author":138,"featured_media":0,"parent":0,"menu_order":0,"comment_status":"open","ping_status":"closed","template":"","meta":{"footnotes":""},"class_list":["post-20","page","type-page","status-publish","hentry"],"aioseo_notices":[],"_links":{"self":[{"href":"https:\/\/www.xn--claudiaschfer-kfb.de\/index.php?rest_route=\/wp\/v2\/pages\/20","targetHints":{"allow":["GET"]}}],"collection":[{"href":"https:\/\/www.xn--claudiaschfer-kfb.de\/index.php?rest_route=\/wp\/v2\/pages"}],"about":[{"href":"https:\/\/www.xn--claudiaschfer-kfb.de\/index.php?rest_route=\/wp\/v2\/types\/page"}],"author":[{"embeddable":true,"href":"https:\/\/www.xn--claudiaschfer-kfb.de\/index.php?rest_route=\/wp\/v2\/users\/138"}],"replies":[{"embeddable":true,"href":"https:\/\/www.xn--claudiaschfer-kfb.de\/index.php?rest_route=%2Fwp%2Fv2%2Fcomments&post=20"}],"version-history":[{"count":0,"href":"https:\/\/www.xn--claudiaschfer-kfb.de\/index.php?rest_route=\/wp\/v2\/pages\/20\/revisions"}],"wp:attachment":[{"href":"https:\/\/www.xn--claudiaschfer-kfb.de\/index.php?rest_route=%2Fwp%2Fv2%2Fmedia&parent=20"}],"curies":[{"name":"wp","href":"https:\/\/api.w.org\/{rel}","templated":true}]}}