{"id":2152,"date":"2017-12-29T14:01:27","date_gmt":"2017-12-29T12:01:27","guid":{"rendered":"http:\/\/www.test2.xn--claudiaschfer-kfb.de\/?page_id=2152"},"modified":"2017-12-30T20:39:34","modified_gmt":"2017-12-30T18:39:34","slug":"emotions-und-resourcencoaching","status":"publish","type":"page","link":"https:\/\/www.xn--claudiaschfer-kfb.de\/?page_id=2152","title":{"rendered":"Emotions und Ressourcencoaching"},"content":{"rendered":"<section  class='av_textblock_section av-av_textblock-2de302bf1aa3cf4c9157dbe6f50ac7eb '   itemscope=\"itemscope\" itemtype=\"https:\/\/schema.org\/CreativeWork\" ><div class='avia_textblock'  itemprop=\"text\" ><h4><b>Was ist ein Emotions- und Ressourcencoaching?<\/b><\/h4>\n<div><b>oder<\/b><\/div>\n<div><strong>\u201eNicht was wir erleben, sondern wie wir empfinden, was wir erleben, macht unser Schicksal aus.\u201c\u00a0<\/strong><\/div>\n<div>(Marie von Ebner-Eschenbach)<\/div>\n<div><\/div>\n<div><\/div>\n<div><\/div>\n<div>Alles was wir erleben f\u00fchrt in irgendeiner Art und Weise auch zu Empfindungen. So l\u00f6sen sch\u00f6ne Erlebnisse Gl\u00fccksgef\u00fchle aus und Andere eben Traurigkeit, Wut, Angst, Stress u.s.w.<\/div>\n<div>Durch unkontrollierbaren Stress geraten Informationsverarbeitungsprozesse im limbischen System des Gehirns ins Stocken. Kurz \u2013 Das hohe Stressniveau f\u00fchrt zu einer st\u00e4ndigen Alarmbereitschaft im K\u00f6rper. Unsere Konzentrations- und Leistungsf\u00e4higkeit nimmt ab. Wir schlafen schlechter, f\u00fchlen uns verspannt, haben keinen guten Zugang zu unseren F\u00e4higkeiten und f\u00fchlen uns blockiert.<\/div>\n<div>Mittels den Methoden der Energiepsychologie z.B: <strong>Klopfakupressur<\/strong> (a.F. EFT*) und limbische Coachingmethoden wie z.B. <strong>WAVIVID<\/strong> werden die Erlebnisse von den belastenden Emotionen befreit. Manchmal schon nach einer Sitzung f\u00fchlen sich die Menschen freier, leistungsf\u00e4higer und es kommt die Zuversicht und Lebenslust zur\u00fcck. Die Regenerationsf\u00e4higkeit des K\u00f6rpers hin zu einem gesunden und harmonischen Lebensgef\u00fchl, setzt wieder ein und f\u00fchrt automatisch zu neuer Lebenskraft.<\/div>\n<div>Witere Informationen finden Sie\u00a0 auf folgenden Seiten:<\/div>\n<div><a href=\"http:\/\/www.wavivid.de\/wavivid-coaching\/was-ist-wavivid-coaching.html\">http:\/\/www.wavivid.de\/wavivid-coaching\/was-ist-wavivid-coaching.html<\/a><\/div>\n<div><\/div>\n<div><a href=\"http:\/\/www.eft-dach.org\/\">http:\/\/www.eft-dach.org\/<\/a><\/div>\n<div><\/div>\n<div><\/div>\n<div><\/div>\n<div><\/div>\n<div>\n<h6>*Die hier angewandte EFT* basierte Klopfakupressur orientiert sich weder an dem \u201eOfficial EFT\u201c\/Optimal EFT\u201c von Gary Craig noch gibt sie dessen Inhalte wieder, sondern meine\/unsere pers\u00f6nliche Sicht und Erfahrungen sowie das Verst\u00e4ndnis von und mit der Arbeit mit der Klopfakupressur. *Klopfakupressur = Emotinal Freedom Techniques, Begr\u00fcnder Gary Craig<\/h6>\n<\/div>\n<\/div><\/section>\n\n<style type=\"text\/css\" data-created_by=\"avia_inline_auto\" id=\"style-css-av-av_heading-0ad8609b51dee6747324b756f109b90c\">\n#top .av-special-heading.av-av_heading-0ad8609b51dee6747324b756f109b90c{\npadding-bottom:10px;\n}\nbody .av-special-heading.av-av_heading-0ad8609b51dee6747324b756f109b90c .av-special-heading-tag .heading-char{\nfont-size:25px;\n}\n.av-special-heading.av-av_heading-0ad8609b51dee6747324b756f109b90c .av-subheading{\nfont-size:15px;\n}\n<\/style>\n<div  class='av-special-heading av-av_heading-0ad8609b51dee6747324b756f109b90c av-special-heading-h3 blockquote modern-quote modern-centered  avia-builder-el-1  el_after_av_textblock  el_before_av_one_fifth '><h3 class='av-special-heading-tag '  itemprop=\"headline\"  >Wavivid Coaching Setting<\/h3><div class=\"special-heading-border\"><div class=\"special-heading-inner-border\"><\/div><\/div><\/div>\n\n<style type=\"text\/css\" data-created_by=\"avia_inline_auto\" id=\"style-css-av-av_one_fifth-15d750bd1b332b34c6e70b077ebbccdf\">\n.flex_column.av-av_one_fifth-15d750bd1b332b34c6e70b077ebbccdf{\nborder-radius:0px 0px 0px 0px;\npadding:0px 0px 0px 0px;\n}\n<\/style>\n<div  class='flex_column av-av_one_fifth-15d750bd1b332b34c6e70b077ebbccdf av_one_fifth  avia-builder-el-2  el_after_av_heading  el_before_av_three_fifth  first flex_column_div av-zero-column-padding  '     ><\/div>\n\n<style type=\"text\/css\" data-created_by=\"avia_inline_auto\" id=\"style-css-av-av_three_fifth-c8fc129dc35fd1ae2a1e410224d39ea8\">\n.flex_column.av-av_three_fifth-c8fc129dc35fd1ae2a1e410224d39ea8{\nborder-radius:0px 0px 0px 0px;\npadding:0px 0px 0px 0px;\n}\n<\/style>\n<div  class='flex_column av-av_three_fifth-c8fc129dc35fd1ae2a1e410224d39ea8 av_three_fifth  avia-builder-el-3  el_after_av_one_fifth  el_before_av_one_fifth  flex_column_div av-zero-column-padding  '     ><style type=\"text\/css\" data-created_by=\"avia_inline_auto\" id=\"style-css-av-av_image-532b5917f45b56038ae42daab0a002d7\">\n.avia-image-container.av-av_image-532b5917f45b56038ae42daab0a002d7 img.avia_image{\nbox-shadow:none;\n}\n.avia-image-container.av-av_image-532b5917f45b56038ae42daab0a002d7 .av-image-caption-overlay-center{\ncolor:#ffffff;\n}\n<\/style>\n<div  class='avia-image-container av-av_image-532b5917f45b56038ae42daab0a002d7 av-styling- avia-align-center  avia-builder-el-4  avia-builder-el-no-sibling '   itemprop=\"image\" itemscope=\"itemscope\" itemtype=\"https:\/\/schema.org\/ImageObject\" ><div class=\"avia-image-container-inner\"><div class=\"avia-image-overlay-wrap\"><img decoding=\"async\" fetchpriority=\"high\" class='wp-image-2156 avia-img-lazy-loading-not-2156 avia_image ' src=\"https:\/\/www.xn--claudiaschfer-kfb.de\/wp-content\/uploads\/2017\/12\/20161101-_DSC0648.jpg\" alt=\"Emotions und Ressourcencoaching\" title='20161101-_DSC0648'  height=\"1060\" width=\"1600\"  itemprop=\"thumbnailUrl\" srcset=\"https:\/\/www.xn--claudiaschfer-kfb.de\/wp-content\/uploads\/2017\/12\/20161101-_DSC0648.jpg 1600w, https:\/\/www.xn--claudiaschfer-kfb.de\/wp-content\/uploads\/2017\/12\/20161101-_DSC0648-300x199.jpg 300w, https:\/\/www.xn--claudiaschfer-kfb.de\/wp-content\/uploads\/2017\/12\/20161101-_DSC0648-768x509.jpg 768w, https:\/\/www.xn--claudiaschfer-kfb.de\/wp-content\/uploads\/2017\/12\/20161101-_DSC0648-1030x682.jpg 1030w, https:\/\/www.xn--claudiaschfer-kfb.de\/wp-content\/uploads\/2017\/12\/20161101-_DSC0648-600x397.jpg 600w, https:\/\/www.xn--claudiaschfer-kfb.de\/wp-content\/uploads\/2017\/12\/20161101-_DSC0648-1500x994.jpg 1500w, https:\/\/www.xn--claudiaschfer-kfb.de\/wp-content\/uploads\/2017\/12\/20161101-_DSC0648-705x467.jpg 705w, https:\/\/www.xn--claudiaschfer-kfb.de\/wp-content\/uploads\/2017\/12\/20161101-_DSC0648-450x298.jpg 450w\" sizes=\"(max-width: 1600px) 100vw, 1600px\" \/><\/div><\/div><\/div><\/div>\n\n<style type=\"text\/css\" data-created_by=\"avia_inline_auto\" id=\"style-css-av-av_one_fifth-c8fc129dc35fd1ae2a1e410224d39ea8\">\n.flex_column.av-av_one_fifth-c8fc129dc35fd1ae2a1e410224d39ea8{\nborder-radius:0px 0px 0px 0px;\npadding:0px 0px 0px 0px;\n}\n<\/style>\n<div  class='flex_column av-av_one_fifth-c8fc129dc35fd1ae2a1e410224d39ea8 av_one_fifth  avia-builder-el-5  el_after_av_three_fifth  el_before_av_heading  flex_column_div av-zero-column-padding  '     ><\/div>\n\n<style type=\"text\/css\" data-created_by=\"avia_inline_auto\" id=\"style-css-av-av_heading-421135e49e8df496044b9caece11f320\">\n#top .av-special-heading.av-av_heading-421135e49e8df496044b9caece11f320{\npadding-bottom:10px;\n}\nbody .av-special-heading.av-av_heading-421135e49e8df496044b9caece11f320 .av-special-heading-tag .heading-char{\nfont-size:25px;\n}\n.av-special-heading.av-av_heading-421135e49e8df496044b9caece11f320 .av-subheading{\nfont-size:15px;\n}\n<\/style>\n<div  class='av-special-heading av-av_heading-421135e49e8df496044b9caece11f320 av-special-heading-h3 blockquote modern-quote modern-centered  avia-builder-el-6  el_after_av_one_fifth  el_before_av_heading '><h3 class='av-special-heading-tag '  itemprop=\"headline\"  >Klopfakupressur<\/h3><div class=\"special-heading-border\"><div class=\"special-heading-inner-border\"><\/div><\/div><\/div>\n\n<style type=\"text\/css\" data-created_by=\"avia_inline_auto\" id=\"style-css-av-av_heading-b38f99740f17cd31b0d4bbf45bfd6d73\">\n#top .av-special-heading.av-av_heading-b38f99740f17cd31b0d4bbf45bfd6d73{\npadding-bottom:10px;\n}\nbody .av-special-heading.av-av_heading-b38f99740f17cd31b0d4bbf45bfd6d73 .av-special-heading-tag .heading-char{\nfont-size:25px;\n}\n.av-special-heading.av-av_heading-b38f99740f17cd31b0d4bbf45bfd6d73 .av-subheading{\nfont-size:15px;\n}\n<\/style>\n<div  class='av-special-heading av-av_heading-b38f99740f17cd31b0d4bbf45bfd6d73 av-special-heading-h6 blockquote modern-quote modern-centered  avia-builder-el-7  el_after_av_heading  el_before_av_one_fifth '><h6 class='av-special-heading-tag '  itemprop=\"headline\"  >Punkte der Klopfakupressur<\/h6><div class=\"special-heading-border\"><div class=\"special-heading-inner-border\"><\/div><\/div><\/div>\n\n<style type=\"text\/css\" data-created_by=\"avia_inline_auto\" id=\"style-css-av-av_one_fifth-15d750bd1b332b34c6e70b077ebbccdf\">\n.flex_column.av-av_one_fifth-15d750bd1b332b34c6e70b077ebbccdf{\nborder-radius:0px 0px 0px 0px;\npadding:0px 0px 0px 0px;\n}\n<\/style>\n<div  class='flex_column av-av_one_fifth-15d750bd1b332b34c6e70b077ebbccdf av_one_fifth  avia-builder-el-8  el_after_av_heading  el_before_av_three_fifth  first flex_column_div av-zero-column-padding  '     ><\/div>\n\n<style type=\"text\/css\" data-created_by=\"avia_inline_auto\" id=\"style-css-av-av_three_fifth-c8fc129dc35fd1ae2a1e410224d39ea8\">\n.flex_column.av-av_three_fifth-c8fc129dc35fd1ae2a1e410224d39ea8{\nborder-radius:0px 0px 0px 0px;\npadding:0px 0px 0px 0px;\n}\n<\/style>\n<div  class='flex_column av-av_three_fifth-c8fc129dc35fd1ae2a1e410224d39ea8 av_three_fifth  avia-builder-el-9  el_after_av_one_fifth  el_before_av_one_fifth  flex_column_div av-zero-column-padding  '     ><style type=\"text\/css\" data-created_by=\"avia_inline_auto\" id=\"style-css-av-av_image-37753da42a65ba4937072f6e8e025c03\">\n.avia-image-container.av-av_image-37753da42a65ba4937072f6e8e025c03 img.avia_image{\nbox-shadow:none;\n}\n.avia-image-container.av-av_image-37753da42a65ba4937072f6e8e025c03 .av-image-caption-overlay-center{\ncolor:#ffffff;\n}\n<\/style>\n<div  class='avia-image-container av-av_image-37753da42a65ba4937072f6e8e025c03 av-styling- avia-align-center  avia-builder-el-10  avia-builder-el-no-sibling '   itemprop=\"image\" itemscope=\"itemscope\" itemtype=\"https:\/\/schema.org\/ImageObject\" ><div class=\"avia-image-container-inner\"><div class=\"avia-image-overlay-wrap\"><img decoding=\"async\" fetchpriority=\"high\" class='wp-image-469 avia-img-lazy-loading-not-469 avia_image ' src=\"https:\/\/www.xn--claudiaschfer-kfb.de\/wp-content\/uploads\/2014\/12\/EFT-Punkte.png\" alt=\"Emotions und Ressourcencoaching\" title='EFT-Klopf-Punkte'  height=\"449\" width=\"287\"  itemprop=\"thumbnailUrl\" srcset=\"https:\/\/www.xn--claudiaschfer-kfb.de\/wp-content\/uploads\/2014\/12\/EFT-Punkte.png 287w, https:\/\/www.xn--claudiaschfer-kfb.de\/wp-content\/uploads\/2014\/12\/EFT-Punkte-191x300.png 191w\" sizes=\"(max-width: 287px) 100vw, 287px\" \/><\/div><\/div><\/div><\/div>\n\n<style type=\"text\/css\" data-created_by=\"avia_inline_auto\" id=\"style-css-av-av_one_fifth-c8fc129dc35fd1ae2a1e410224d39ea8\">\n.flex_column.av-av_one_fifth-c8fc129dc35fd1ae2a1e410224d39ea8{\nborder-radius:0px 0px 0px 0px;\npadding:0px 0px 0px 0px;\n}\n<\/style>\n<div  class='flex_column av-av_one_fifth-c8fc129dc35fd1ae2a1e410224d39ea8 av_one_fifth  avia-builder-el-11  el_after_av_three_fifth  avia-builder-el-last  flex_column_div av-zero-column-padding  '     ><\/div>\n<div class=\"twoclick_social_bookmarks_post_2152 social_share_privacy clearfix 1.6.4 locale-de_DE sprite-de_DE\"><\/div><div class=\"twoclick-js\"><script type=\"text\/javascript\">\/* <![CDATA[ *\/\njQuery(document).ready(function($){if($('.twoclick_social_bookmarks_post_2152')){$('.twoclick_social_bookmarks_post_2152').socialSharePrivacy({\"services\":{\"facebook\":{\"status\":\"on\",\"txt_info\":\"2 Klicks f\\u00fcr mehr Datenschutz: Erst wenn Sie hier klicken, wird der Button aktiv und Sie k\\u00f6nnen Ihre Empfehlung an Facebook senden. Schon beim Aktivieren werden Daten an Dritte \\u00fcbertragen - siehe <em>i<\\\/em>.\",\"perma_option\":\"off\",\"action\":\"like\",\"language\":\"de_DE\"},\"twitter\":{\"reply_to\":\"\",\"tweet_text\":\"Emotions%20und%20Ressourcencoaching%20%C2%BB%20Claudia%20Sch%C3%A4fer\",\"status\":\"on\",\"txt_info\":\"2 Klicks f\\u00fcr mehr Datenschutz: Erst wenn Sie hier klicken, wird der Button aktiv und Sie k\\u00f6nnen Ihre Empfehlung an Twitter senden. Schon beim Aktivieren werden Daten an Dritte \\u00fcbertragen - siehe <em>i<\\\/em>.\",\"perma_option\":\"off\",\"language\":\"de\",\"referrer_track\":\"\"},\"gplus\":{\"status\":\"on\",\"txt_info\":\"2 Klicks f\\u00fcr mehr Datenschutz: Erst wenn Sie hier klicken, wird der Button aktiv und Sie k\\u00f6nnen Ihre Empfehlung an Google+ senden. Schon beim Aktivieren werden Daten an Dritte \\u00fcbertragen - siehe <em>i<\\\/em>.\",\"perma_option\":\"off\",\"referrer_track\":\"\"},\"xing\":{\"status\":\"on\",\"txt_info\":\"2 Klicks f\\u00fcr mehr Datenschutz: Erst wenn Sie hier klicken, wird der Button aktiv und Sie k\\u00f6nnen Ihre Empfehlung an Xing senden. Schon beim Aktivieren werden Daten an Dritte \\u00fcbertragen - siehe <em>i<\\\/em>.\",\"perma_option\":\"off\",\"language\":\"de\",\"referrer_track\":\"\"}},\"txt_help\":\"Wenn Sie diese Felder durch einen Klick aktivieren, werden Informationen an Facebook, Twitter, Flattr, Xing, t3n, LinkedIn, Pinterest oder Google eventuell ins Ausland \\u00fcbertragen und unter Umst\\u00e4nden auch dort gespeichert. N\\u00e4heres erfahren Sie durch einen Klick auf das <em>i<\\\/em>.\",\"settings_perma\":\"Dauerhaft aktivieren und Daten\\u00fcber-tragung zustimmen:\",\"info_link\":\"http:\\\/\\\/www.heise.de\\\/ct\\\/artikel\\\/2-Klicks-fuer-mehr-Datenschutz-1333879.html\",\"uri\":\"https:\\\/\\\/www.xn--claudiaschfer-kfb.de\\\/?page_id=2152\",\"post_id\":2152,\"post_title_referrer_track\":\"Emotions+und+Ressourcencoaching\",\"display_infobox\":\"on\"});}});\n\/* ]]> *\/<\/script><\/div>","protected":false},"excerpt":{"rendered":"","protected":false},"author":138,"featured_media":0,"parent":0,"menu_order":0,"comment_status":"closed","ping_status":"closed","template":"","meta":{"footnotes":""},"class_list":["post-2152","page","type-page","status-publish","hentry"],"aioseo_notices":[],"_links":{"self":[{"href":"https:\/\/www.xn--claudiaschfer-kfb.de\/index.php?rest_route=\/wp\/v2\/pages\/2152","targetHints":{"allow":["GET"]}}],"collection":[{"href":"https:\/\/www.xn--claudiaschfer-kfb.de\/index.php?rest_route=\/wp\/v2\/pages"}],"about":[{"href":"https:\/\/www.xn--claudiaschfer-kfb.de\/index.php?rest_route=\/wp\/v2\/types\/page"}],"author":[{"embeddable":true,"href":"https:\/\/www.xn--claudiaschfer-kfb.de\/index.php?rest_route=\/wp\/v2\/users\/138"}],"replies":[{"embeddable":true,"href":"https:\/\/www.xn--claudiaschfer-kfb.de\/index.php?rest_route=%2Fwp%2Fv2%2Fcomments&post=2152"}],"version-history":[{"count":0,"href":"https:\/\/www.xn--claudiaschfer-kfb.de\/index.php?rest_route=\/wp\/v2\/pages\/2152\/revisions"}],"wp:attachment":[{"href":"https:\/\/www.xn--claudiaschfer-kfb.de\/index.php?rest_route=%2Fwp%2Fv2%2Fmedia&parent=2152"}],"curies":[{"name":"wp","href":"https:\/\/api.w.org\/{rel}","templated":true}]}}