{"id":2169,"date":"2017-12-29T14:43:54","date_gmt":"2017-12-29T12:43:54","guid":{"rendered":"http:\/\/www.test2.xn--claudiaschfer-kfb.de\/?page_id=2169"},"modified":"2017-12-29T15:09:07","modified_gmt":"2017-12-29T13:09:07","slug":"integrales-coaching","status":"publish","type":"page","link":"https:\/\/www.xn--claudiaschfer-kfb.de\/?page_id=2169","title":{"rendered":"Integrales Coaching"},"content":{"rendered":"<section  class='av_textblock_section av-av_textblock-2de302bf1aa3cf4c9157dbe6f50ac7eb '   itemscope=\"itemscope\" itemtype=\"https:\/\/schema.org\/CreativeWork\" ><div class='avia_textblock'  itemprop=\"text\" ><p><strong>Meine Philosophie und Arbeitsweise<\/strong><\/p>\n<p><strong>Wer immer tut, was er schon kann, bleibt immer das, was er schon ist.<\/strong><br \/>\n<strong>Suche nicht nach Fehlern, suche nach L\u00f6sungen.<\/strong><\/p>\n<p>(Henry Ford)<\/p>\n<p>Meine Coachings umfassen eine m\u00f6glichst ganzheitliche Betrachtungsweise des Menschen und seines famili\u00e4ren, sozialen und beruflichen Umfeldes. Hier verwende ich den integralen Ansatz nach Ken Wilber.<\/p>\n<p>Ein integrales Coaching unterscheidet sich deutlich zu einem konventionellen Coaching. Es werden die wichtigsten Perspektiven aufgezeichnet, die mindestens erforderlich sind, um einen ganzheitlichen Eindruck einer Person oder eines Problems\/Themas zu bekommen. Im Gespr\u00e4ch entsteht ein mehrdimensionales Bild, welches den Status Quo umfassend darstellt und ebenso dazu gef\u00fchrt hat. Diese vierdimensionale Abbildung einer Person zeigt diese als Individuum und als Teil in den unterschiedlichen Systemen. Dar\u00fcber hinaus umfasst sie die inne\u00adre Perspektive und die \u00e4usseren Komponenten.<\/p>\n<p>Dadurch werden die Entwicklungsperspektiven bzw. -notwendigkeiten in Bezug auf die Pro\u00adblemstellung sehr schnell deutlich. Daraus folgend werden M\u00f6glichkeiten und Methoden aufgezeigt und zur Umsetzung gebracht. Der Coachee, das Unternehmen und ich als Coach vereinbaren das Ziel der Beratung und die Strategie. Die Ma\u00dfnahmen setzen wir Schritt f\u00fcr Schritt um.<\/p>\n<p>Meine Schwerpunkte<\/p>\n<p>Entwicklungsprozesse \u2013 Profiling \u2013 \u201eAnti-Stress\u201c-Management<\/p>\n<p>Jeder Mensch hat eine individuelle Pers\u00f6nlichkeit, welche seine Eigenschaften, F\u00e4higkeiten und Charakterz\u00fcge beinhaltet. Diese entwickeln sich z. B. durch famili\u00e4re Veranlagung und Umwelt- bzw. Sozialisierungsprozesse, denen jeder Mensch unterworfen ist.<\/p>\n<p>Dadurch entstehen auch limitierende Verhaltensmuster, einschr\u00e4nkende Lebenseinstel\u00adlungen, stressgeladene Lebenssituationen, Traumata und innere Konflikte, die das Leben in allen Bereichen beeinflussen. Im beruflichen Umfeld zeigen sich diese h\u00e4ufig als Karrie\u00adreblockaden, Kollegenkonflikte und Leistungsdefizite. Diese f\u00fchren nicht selten zu physi\u00adschen oder psychischen Stress-Symptomen, die dann wiederum mit den geeigneten Methoden wie z.B. <a href=\"http:\/\/www.test2.xn--claudiaschfer-kfb.de\/?portfolio=systemische-aufstellungen\">Systemischen Aufstellungen<\/a> oder\u00a0<a href=\"http:\/\/www.test2.xn--claudiaschfer-kfb.de\/?page_id=2152\">Emotions- und Ressourcencoach<\/a><a href=\"http:\/\/www.test2.xn--claudiaschfer-kfb.de\/?page_id=2152\">ing<\/a>\u00a0analysiert und ver\u00e4ndert werden k\u00f6nnen.<\/p>\n<\/div><\/section>\n\n<style type=\"text\/css\" data-created_by=\"avia_inline_auto\" id=\"style-css-av-av_heading-71e8b51c53c9e8534b188288e9e9e360\">\n#top .av-special-heading.av-av_heading-71e8b51c53c9e8534b188288e9e9e360{\npadding-bottom:10px;\n}\nbody .av-special-heading.av-av_heading-71e8b51c53c9e8534b188288e9e9e360 .av-special-heading-tag .heading-char{\nfont-size:25px;\n}\n.av-special-heading.av-av_heading-71e8b51c53c9e8534b188288e9e9e360 .av-subheading{\nfont-size:15px;\n}\n<\/style>\n<div  class='av-special-heading av-av_heading-71e8b51c53c9e8534b188288e9e9e360 av-special-heading-h3 blockquote modern-quote modern-centered  avia-builder-el-1  el_after_av_textblock  el_before_av_one_third '><h3 class='av-special-heading-tag '  itemprop=\"headline\"  >AQAL &#8211; Matrix nach Ken Wilber<\/h3><div class=\"special-heading-border\"><div class=\"special-heading-inner-border\"><\/div><\/div><\/div>\n\n<style type=\"text\/css\" data-created_by=\"avia_inline_auto\" id=\"style-css-av-av_one_third-15d750bd1b332b34c6e70b077ebbccdf\">\n.flex_column.av-av_one_third-15d750bd1b332b34c6e70b077ebbccdf{\nborder-radius:0px 0px 0px 0px;\npadding:0px 0px 0px 0px;\n}\n<\/style>\n<div  class='flex_column av-av_one_third-15d750bd1b332b34c6e70b077ebbccdf av_one_third  avia-builder-el-2  el_after_av_heading  el_before_av_one_third  first flex_column_div av-zero-column-padding  '     ><\/div>\n\n<style type=\"text\/css\" data-created_by=\"avia_inline_auto\" id=\"style-css-av-av_one_third-c8fc129dc35fd1ae2a1e410224d39ea8\">\n.flex_column.av-av_one_third-c8fc129dc35fd1ae2a1e410224d39ea8{\nborder-radius:0px 0px 0px 0px;\npadding:0px 0px 0px 0px;\n}\n<\/style>\n<div  class='flex_column av-av_one_third-c8fc129dc35fd1ae2a1e410224d39ea8 av_one_third  avia-builder-el-3  el_after_av_one_third  el_before_av_one_third  flex_column_div av-zero-column-padding  '     ><style type=\"text\/css\" data-created_by=\"avia_inline_auto\" id=\"style-css-av-av_image-14f1d91ce2535d4b6d49ff3c076aa29c\">\n.avia-image-container.av-av_image-14f1d91ce2535d4b6d49ff3c076aa29c img.avia_image{\nbox-shadow:none;\n}\n.avia-image-container.av-av_image-14f1d91ce2535d4b6d49ff3c076aa29c .av-image-caption-overlay-center{\ncolor:#ffffff;\n}\n<\/style>\n<div  class='avia-image-container av-av_image-14f1d91ce2535d4b6d49ff3c076aa29c av-styling- avia-align-center  avia-builder-el-4  avia-builder-el-no-sibling '   itemprop=\"image\" itemscope=\"itemscope\" itemtype=\"https:\/\/schema.org\/ImageObject\" ><div class=\"avia-image-container-inner\"><div class=\"avia-image-overlay-wrap\"><img decoding=\"async\" fetchpriority=\"high\" class='wp-image-2175 avia-img-lazy-loading-not-2175 avia_image ' src=\"https:\/\/www.xn--claudiaschfer-kfb.de\/wp-content\/uploads\/2017\/12\/4Quadranten.jpeg\" alt=\"Integrales Coaching\" title='4Quadranten'  height=\"1024\" width=\"768\"  itemprop=\"thumbnailUrl\" srcset=\"https:\/\/www.xn--claudiaschfer-kfb.de\/wp-content\/uploads\/2017\/12\/4Quadranten.jpeg 768w, https:\/\/www.xn--claudiaschfer-kfb.de\/wp-content\/uploads\/2017\/12\/4Quadranten-225x300.jpeg 225w, https:\/\/www.xn--claudiaschfer-kfb.de\/wp-content\/uploads\/2017\/12\/4Quadranten-600x800.jpeg 600w, https:\/\/www.xn--claudiaschfer-kfb.de\/wp-content\/uploads\/2017\/12\/4Quadranten-529x705.jpeg 529w, https:\/\/www.xn--claudiaschfer-kfb.de\/wp-content\/uploads\/2017\/12\/4Quadranten-450x600.jpeg 450w\" sizes=\"(max-width: 768px) 100vw, 768px\" \/><\/div><\/div><\/div><\/div>\n\n<style type=\"text\/css\" data-created_by=\"avia_inline_auto\" id=\"style-css-av-av_one_third-c8fc129dc35fd1ae2a1e410224d39ea8\">\n.flex_column.av-av_one_third-c8fc129dc35fd1ae2a1e410224d39ea8{\nborder-radius:0px 0px 0px 0px;\npadding:0px 0px 0px 0px;\n}\n<\/style>\n<div  class='flex_column av-av_one_third-c8fc129dc35fd1ae2a1e410224d39ea8 av_one_third  avia-builder-el-5  el_after_av_one_third  avia-builder-el-last  flex_column_div av-zero-column-padding  '     ><\/div>\n<div class=\"twoclick_social_bookmarks_post_2169 social_share_privacy clearfix 1.6.4 locale-de_DE sprite-de_DE\"><\/div><div class=\"twoclick-js\"><script type=\"text\/javascript\">\/* <![CDATA[ *\/\njQuery(document).ready(function($){if($('.twoclick_social_bookmarks_post_2169')){$('.twoclick_social_bookmarks_post_2169').socialSharePrivacy({\"services\":{\"facebook\":{\"status\":\"on\",\"txt_info\":\"2 Klicks f\\u00fcr mehr Datenschutz: Erst wenn Sie hier klicken, wird der Button aktiv und Sie k\\u00f6nnen Ihre Empfehlung an Facebook senden. Schon beim Aktivieren werden Daten an Dritte \\u00fcbertragen - siehe <em>i<\\\/em>.\",\"perma_option\":\"off\",\"action\":\"like\",\"language\":\"de_DE\"},\"twitter\":{\"reply_to\":\"\",\"tweet_text\":\"Integrales%20Coaching%20%C2%BB%20Claudia%20Sch%C3%A4fer\",\"status\":\"on\",\"txt_info\":\"2 Klicks f\\u00fcr mehr Datenschutz: Erst wenn Sie hier klicken, wird der Button aktiv und Sie k\\u00f6nnen Ihre Empfehlung an Twitter senden. Schon beim Aktivieren werden Daten an Dritte \\u00fcbertragen - siehe <em>i<\\\/em>.\",\"perma_option\":\"off\",\"language\":\"de\",\"referrer_track\":\"\"},\"gplus\":{\"status\":\"on\",\"txt_info\":\"2 Klicks f\\u00fcr mehr Datenschutz: Erst wenn Sie hier klicken, wird der Button aktiv und Sie k\\u00f6nnen Ihre Empfehlung an Google+ senden. Schon beim Aktivieren werden Daten an Dritte \\u00fcbertragen - siehe <em>i<\\\/em>.\",\"perma_option\":\"off\",\"referrer_track\":\"\"},\"xing\":{\"status\":\"on\",\"txt_info\":\"2 Klicks f\\u00fcr mehr Datenschutz: Erst wenn Sie hier klicken, wird der Button aktiv und Sie k\\u00f6nnen Ihre Empfehlung an Xing senden. Schon beim Aktivieren werden Daten an Dritte \\u00fcbertragen - siehe <em>i<\\\/em>.\",\"perma_option\":\"off\",\"language\":\"de\",\"referrer_track\":\"\"}},\"txt_help\":\"Wenn Sie diese Felder durch einen Klick aktivieren, werden Informationen an Facebook, Twitter, Flattr, Xing, t3n, LinkedIn, Pinterest oder Google eventuell ins Ausland \\u00fcbertragen und unter Umst\\u00e4nden auch dort gespeichert. N\\u00e4heres erfahren Sie durch einen Klick auf das <em>i<\\\/em>.\",\"settings_perma\":\"Dauerhaft aktivieren und Daten\\u00fcber-tragung zustimmen:\",\"info_link\":\"http:\\\/\\\/www.heise.de\\\/ct\\\/artikel\\\/2-Klicks-fuer-mehr-Datenschutz-1333879.html\",\"uri\":\"https:\\\/\\\/www.xn--claudiaschfer-kfb.de\\\/?page_id=2169\",\"post_id\":2169,\"post_title_referrer_track\":\"Integrales+Coaching\",\"display_infobox\":\"on\"});}});\n\/* ]]> *\/<\/script><\/div>","protected":false},"excerpt":{"rendered":"","protected":false},"author":138,"featured_media":0,"parent":0,"menu_order":0,"comment_status":"closed","ping_status":"closed","template":"","meta":{"footnotes":""},"class_list":["post-2169","page","type-page","status-publish","hentry"],"aioseo_notices":[],"_links":{"self":[{"href":"https:\/\/www.xn--claudiaschfer-kfb.de\/index.php?rest_route=\/wp\/v2\/pages\/2169","targetHints":{"allow":["GET"]}}],"collection":[{"href":"https:\/\/www.xn--claudiaschfer-kfb.de\/index.php?rest_route=\/wp\/v2\/pages"}],"about":[{"href":"https:\/\/www.xn--claudiaschfer-kfb.de\/index.php?rest_route=\/wp\/v2\/types\/page"}],"author":[{"embeddable":true,"href":"https:\/\/www.xn--claudiaschfer-kfb.de\/index.php?rest_route=\/wp\/v2\/users\/138"}],"replies":[{"embeddable":true,"href":"https:\/\/www.xn--claudiaschfer-kfb.de\/index.php?rest_route=%2Fwp%2Fv2%2Fcomments&post=2169"}],"version-history":[{"count":0,"href":"https:\/\/www.xn--claudiaschfer-kfb.de\/index.php?rest_route=\/wp\/v2\/pages\/2169\/revisions"}],"wp:attachment":[{"href":"https:\/\/www.xn--claudiaschfer-kfb.de\/index.php?rest_route=%2Fwp%2Fv2%2Fmedia&parent=2169"}],"curies":[{"name":"wp","href":"https:\/\/api.w.org\/{rel}","templated":true}]}}