{"id":2186,"date":"2017-12-29T15:31:10","date_gmt":"2017-12-29T13:31:10","guid":{"rendered":"http:\/\/www.test2.xn--claudiaschfer-kfb.de\/?page_id=2186"},"modified":"2019-05-26T18:40:31","modified_gmt":"2019-05-26T16:40:31","slug":"body-and-soul","status":"publish","type":"page","link":"https:\/\/www.xn--claudiaschfer-kfb.de\/?page_id=2186","title":{"rendered":"Body and Soul"},"content":{"rendered":"\n<style type=\"text\/css\" data-created_by=\"avia_inline_auto\" id=\"style-css-av-r18wui-f4165d1e8671adc3eb63c16e5f6b2260\">\n.flex_column.av-r18wui-f4165d1e8671adc3eb63c16e5f6b2260{\nborder-radius:0px 0px 0px 0px;\npadding:0px 0px 0px 0px;\n}\n<\/style>\n<div  class='flex_column av-r18wui-f4165d1e8671adc3eb63c16e5f6b2260 av_one_full  avia-builder-el-0  el_before_av_one_fifth  avia-builder-el-first  first flex_column_div av-zero-column-padding  '     ><section  class='av_textblock_section av-pyqt5m-59a4d98e757a9e95c52cd543d699b4ad '   itemscope=\"itemscope\" itemtype=\"https:\/\/schema.org\/CreativeWork\" ><div class='avia_textblock'  itemprop=\"text\" ><\/div><\/section><\/div>\n<style type=\"text\/css\" data-created_by=\"avia_inline_auto\" id=\"style-css-av-2c7lhm-484301e3587ca2ea3fda03dea432c673\">\n.flex_column.av-2c7lhm-484301e3587ca2ea3fda03dea432c673{\nborder-radius:0px 0px 0px 0px;\npadding:0px 0px 0px 0px;\n}\n<\/style>\n<div  class='flex_column av-2c7lhm-484301e3587ca2ea3fda03dea432c673 av_one_fifth  avia-builder-el-2  el_after_av_one_full  el_before_av_three_fifth  first flex_column_div av-zero-column-padding  column-top-margin'     ><\/div><\/p>\n\n<style type=\"text\/css\" data-created_by=\"avia_inline_auto\" id=\"style-css-av-mwl6t6-af9c89cdbb292aa7ce65bb2c4976e93f\">\n.flex_column.av-mwl6t6-af9c89cdbb292aa7ce65bb2c4976e93f{\nborder-radius:0px 0px 0px 0px;\npadding:0px 0px 0px 0px;\n}\n<\/style>\n<div  class='flex_column av-mwl6t6-af9c89cdbb292aa7ce65bb2c4976e93f av_three_fifth  avia-builder-el-3  el_after_av_one_fifth  el_before_av_one_fifth  flex_column_div av-zero-column-padding  column-top-margin'     ><style type=\"text\/css\" data-created_by=\"avia_inline_auto\" id=\"style-css-av-ledo6i-2f2a0b1befe121aec4ad51545ffc1d47\">\n.avia-image-container.av-ledo6i-2f2a0b1befe121aec4ad51545ffc1d47 img.avia_image{\nbox-shadow:none;\n}\n.avia-image-container.av-ledo6i-2f2a0b1befe121aec4ad51545ffc1d47 .av-image-caption-overlay-center{\ncolor:#ffffff;\n}\n<\/style>\n<div  class='avia-image-container av-ledo6i-2f2a0b1befe121aec4ad51545ffc1d47 av-styling- avia-align-center  avia-builder-el-4  avia-builder-el-no-sibling '   itemprop=\"image\" itemscope=\"itemscope\" itemtype=\"https:\/\/schema.org\/ImageObject\" ><div class=\"avia-image-container-inner\"><div class=\"avia-image-overlay-wrap\"><img decoding=\"async\" fetchpriority=\"high\" class='wp-image-838 avia-img-lazy-loading-not-838 avia_image ' src=\"https:\/\/www.xn--claudiaschfer-kfb.de\/wp-content\/uploads\/2015\/07\/335349_184267361642043_1434792_o-e1486335927398.jpg\" alt=\"Body and Soul\" title='335349_184267361642043_1434792_o'  height=\"333\" width=\"500\"  itemprop=\"thumbnailUrl\"  \/><\/div><\/div><\/div><\/div>\n\n<style type=\"text\/css\" data-created_by=\"avia_inline_auto\" id=\"style-css-av-jnpdbu-92dc86224de167fa007d7c4d731fc604\">\n.flex_column.av-jnpdbu-92dc86224de167fa007d7c4d731fc604{\nborder-radius:0px 0px 0px 0px;\npadding:0px 0px 0px 0px;\n}\n<\/style>\n<div  class='flex_column av-jnpdbu-92dc86224de167fa007d7c4d731fc604 av_one_fifth  avia-builder-el-5  el_after_av_three_fifth  el_before_av_one_fifth  flex_column_div av-zero-column-padding  column-top-margin'     ><\/div>\n\n<style type=\"text\/css\" data-created_by=\"avia_inline_auto\" id=\"style-css-av-hjz16i-9eb925c6ef90b7a1b8159cf8231463cc\">\n.flex_column.av-hjz16i-9eb925c6ef90b7a1b8159cf8231463cc{\nborder-radius:0px 0px 0px 0px;\npadding:0px 0px 0px 0px;\n}\n<\/style>\n<div  class='flex_column av-hjz16i-9eb925c6ef90b7a1b8159cf8231463cc av_one_fifth  avia-builder-el-6  el_after_av_one_fifth  el_before_av_three_fifth  first flex_column_div av-zero-column-padding  column-top-margin'     ><\/div>\n\n<style type=\"text\/css\" data-created_by=\"avia_inline_auto\" id=\"style-css-av-gc8qsq-c8b0ad7353479e5db49c729d239be6e9\">\n.flex_column.av-gc8qsq-c8b0ad7353479e5db49c729d239be6e9{\nborder-radius:0px 0px 0px 0px;\npadding:0px 0px 0px 0px;\n}\n<\/style>\n<div  class='flex_column av-gc8qsq-c8b0ad7353479e5db49c729d239be6e9 av_three_fifth  avia-builder-el-7  el_after_av_one_fifth  el_before_av_one_fifth  flex_column_div av-zero-column-padding  column-top-margin'     ><style type=\"text\/css\" data-created_by=\"avia_inline_auto\" id=\"style-css-av-e6llsq-f1805b8bc490c902a255f5aa8ad2dfd7\">\n#top .av-special-heading.av-e6llsq-f1805b8bc490c902a255f5aa8ad2dfd7{\npadding-bottom:10px;\n}\nbody .av-special-heading.av-e6llsq-f1805b8bc490c902a255f5aa8ad2dfd7 .av-special-heading-tag .heading-char{\nfont-size:25px;\n}\n.av-special-heading.av-e6llsq-f1805b8bc490c902a255f5aa8ad2dfd7 .av-subheading{\nfont-size:15px;\n}\n<\/style>\n<div  class='av-special-heading av-e6llsq-f1805b8bc490c902a255f5aa8ad2dfd7 av-special-heading-h3 blockquote modern-quote modern-centered  avia-builder-el-8  avia-builder-el-no-sibling '><h3 class='av-special-heading-tag '  itemprop=\"headline\"  >Energie &#8211; \u00d6l &#8211; Massagen und die Kraft der Magnete<\/h3><div class=\"special-heading-border\"><div class=\"special-heading-inner-border\"><\/div><\/div><\/div><\/div>\n\n<style type=\"text\/css\" data-created_by=\"avia_inline_auto\" id=\"style-css-av-c5s2sq-c3bbc3d97925bc4128eff91d7d809bd8\">\n.flex_column.av-c5s2sq-c3bbc3d97925bc4128eff91d7d809bd8{\nborder-radius:0px 0px 0px 0px;\npadding:0px 0px 0px 0px;\n}\n<\/style>\n<div  class='flex_column av-c5s2sq-c3bbc3d97925bc4128eff91d7d809bd8 av_one_fifth  avia-builder-el-9  el_after_av_three_fifth  el_before_av_textblock  flex_column_div av-zero-column-padding  column-top-margin'     ><\/div>\n<section  class='av_textblock_section av-ag052i-c3ef42e7771f69174102932f8bda6cef '   itemscope=\"itemscope\" itemtype=\"https:\/\/schema.org\/CreativeWork\" ><div class='avia_textblock'  itemprop=\"text\" ><p><strong>Was sind Energiemassagen?<\/strong><\/p>\n<p><strong>oder<\/strong><\/p>\n<p><strong>\u201eDas Geheimnis des Gl\u00fccks ist die Freude in unseren H\u00e4nden.\u201c<\/strong><br \/>\n(Ralph Waldo Emerson)<\/p>\n<p>Es ist nicht der Anfang, sondern in diesem Zeitalter hoffentlich das Ende der \u00fcblen Nachrede \u00fcber \u201cesoterischen Humbug\u201d oder \u201cScharlatanerie\u201d. Denn das Auflegen der H\u00e4nde ist eine der \u00e4ltesten Heilmethoden der Menschheit. Intuitiv werden Blockaden ersp\u00fcrt und die darin gefangene Energie wieder zum flie\u00dfen gebracht.<br \/>\nDie festsitzenden Muster und Ausl\u00f6ser der Blockaden k\u00f6nnen sich auf tiefster Ebene erl\u00f6sen, so dass die Lebensenergie wieder frei den K\u00f6rper durchstr\u00f6mt.<\/p>\n<p>Es ist mittlerweile wissenschaftlich bewiesen, dass in jeder unserer 300 Billionen Zellen elektromagnetische Frequenzen schwingen und diese auf das Auflegen der H\u00e4nde positiv reagieren. \u00c4hnliche Funktionsmechanismen nutzt die Akupunktur, die Akupressur, die Fussreflexzonenmassage u.\u00e4.. Alle Methoden unterst\u00fctzen letztlich den Energiefluss vom feinstofflichen Bereich bis hin in den feststofflichen K\u00f6rper.<\/p>\n<p>Bei einer Energiemassage mit warmem ayurvedischem \u00d6l, bei der auch Magnete zum Einsatz kommen, werden die k\u00f6rpereigenen Kr\u00e4fte ausgeglichen und in Flu\u00df gebracht.<\/p>\n<p>St\u00f6rfelder und Blockaden in den menschlichen Energiefeldern verursachen h\u00e4ufig Konflikte oder St\u00f6rungen im t\u00e4glichen erleben und verhindern die pers\u00f6nliche Weiterentwicklung oder\/und Heilung.<br \/>\nDas hochfrequente Schwigungsgef\u00fcge (Aura oder Energiefeld) umgibt einen gesunden Menschen etwa bis zu 9 Meter und schwingt in einem 3-Sekunden-Rythmus von der Mitte des Herzens zur Peripherie der Aura und wieder zur\u00fcck. Dieses Bewusstseinsfeld erzeugt unser Erleben. Gedanken sind schnelle Schwingungsfrequenzen, die sich im materiellen menschlichen K\u00f6rper auswirken und ihn stark beeinflussen. Der K\u00f6rper ist die langsmste Schwigungsfrequenz, die von allen anderen Frequenzen mit durchdrungen und belebt wird. Zieht sich unser Energiefeld aus dem K\u00f6rper zur\u00fcck, vergeht der materielle K\u00f6rper und unsere Pers\u00f6nlichkeit zerf\u00e4llt. Wir velieren unser Leben, unsere Lebendigkeit.<br \/>\nDer Geist bildet also die Materie und dieses alte Wissen nutzen die Methoden der Energie- und Quantenheilung. Wie auch Albert Einstein schon sagte: \u201cAlles ist Energie!\u201d<\/p>\n<\/div><\/section>\n\n<style type=\"text\/css\" data-created_by=\"avia_inline_auto\" id=\"style-css-av-9pmmyy-48684bd33b8e751e449109df4440c01f\">\n.flex_column.av-9pmmyy-48684bd33b8e751e449109df4440c01f{\nborder-radius:0px 0px 0px 0px;\npadding:0px 0px 0px 0px;\n}\n<\/style>\n<div  class='flex_column av-9pmmyy-48684bd33b8e751e449109df4440c01f av_one_fifth  avia-builder-el-11  el_after_av_textblock  el_before_av_three_fifth  first flex_column_div av-zero-column-padding  column-top-margin'     ><\/div>\n\n<style type=\"text\/css\" data-created_by=\"avia_inline_auto\" id=\"style-css-av-7qhc6i-192a75a8fa2d93b65994327f5eaa94b6\">\n.flex_column.av-7qhc6i-192a75a8fa2d93b65994327f5eaa94b6{\nborder-radius:0px 0px 0px 0px;\npadding:0px 0px 0px 0px;\n}\n<\/style>\n<div  class='flex_column av-7qhc6i-192a75a8fa2d93b65994327f5eaa94b6 av_three_fifth  avia-builder-el-12  el_after_av_one_fifth  el_before_av_one_fifth  flex_column_div av-zero-column-padding  column-top-margin'     ><p><br \/>\n\n<style type=\"text\/css\" data-created_by=\"avia_inline_auto\" id=\"style-css-av-3vyeuy-1381119e2999c8b6950b3f8874c1571d\">\n.avia-image-container.av-3vyeuy-1381119e2999c8b6950b3f8874c1571d img.avia_image{\nbox-shadow:none;\n}\n.avia-image-container.av-3vyeuy-1381119e2999c8b6950b3f8874c1571d .av-image-caption-overlay-center{\ncolor:#ffffff;\n}\n<\/style>\n<div  class='avia-image-container av-3vyeuy-1381119e2999c8b6950b3f8874c1571d av-styling- avia-align-center  avia-builder-el-14  el_after_av_image  avia-builder-el-last '   itemprop=\"image\" itemscope=\"itemscope\" itemtype=\"https:\/\/schema.org\/ImageObject\" ><div class=\"avia-image-container-inner\"><div class=\"avia-image-overlay-wrap\"><img decoding=\"async\" fetchpriority=\"high\" class='wp-image-2199 avia-img-lazy-loading-not-2199 avia_image ' src=\"https:\/\/www.xn--claudiaschfer-kfb.de\/wp-content\/uploads\/2017\/12\/Energetix.jpeg\" alt=\"Body and Soul\" title='Energetix'  height=\"574\" width=\"611\"  itemprop=\"thumbnailUrl\" srcset=\"https:\/\/www.xn--claudiaschfer-kfb.de\/wp-content\/uploads\/2017\/12\/Energetix.jpeg 611w, https:\/\/www.xn--claudiaschfer-kfb.de\/wp-content\/uploads\/2017\/12\/Energetix-300x282.jpeg 300w, https:\/\/www.xn--claudiaschfer-kfb.de\/wp-content\/uploads\/2017\/12\/Energetix-600x564.jpeg 600w, https:\/\/www.xn--claudiaschfer-kfb.de\/wp-content\/uploads\/2017\/12\/Energetix-450x423.jpeg 450w\" sizes=\"(max-width: 611px) 100vw, 611px\" \/><\/div><\/div><\/div><\/p><\/div>\n\n<style type=\"text\/css\" data-created_by=\"avia_inline_auto\" id=\"style-css-av-21nkxm-d3082be5651de32f704efcda2038ae24\">\n.flex_column.av-21nkxm-d3082be5651de32f704efcda2038ae24{\nborder-radius:0px 0px 0px 0px;\npadding:0px 0px 0px 0px;\n}\n<\/style>\n<div  class='flex_column av-21nkxm-d3082be5651de32f704efcda2038ae24 av_one_fifth  avia-builder-el-15  el_after_av_three_fifth  avia-builder-el-last  flex_column_div av-zero-column-padding  column-top-margin'     ><\/div>\n<div class=\"twoclick_social_bookmarks_post_2186 social_share_privacy clearfix 1.6.4 locale-de_DE sprite-de_DE\"><\/div><div class=\"twoclick-js\"><script type=\"text\/javascript\">\/* <![CDATA[ *\/\njQuery(document).ready(function($){if($('.twoclick_social_bookmarks_post_2186')){$('.twoclick_social_bookmarks_post_2186').socialSharePrivacy({\"services\":{\"facebook\":{\"status\":\"on\",\"txt_info\":\"2 Klicks f\\u00fcr mehr Datenschutz: Erst wenn Sie hier klicken, wird der Button aktiv und Sie k\\u00f6nnen Ihre Empfehlung an Facebook senden. Schon beim Aktivieren werden Daten an Dritte \\u00fcbertragen - siehe <em>i<\\\/em>.\",\"perma_option\":\"off\",\"action\":\"like\",\"language\":\"de_DE\"},\"twitter\":{\"reply_to\":\"\",\"tweet_text\":\"Body%20and%20Soul%20%C2%BB%20Claudia%20Sch%C3%A4fer\",\"status\":\"on\",\"txt_info\":\"2 Klicks f\\u00fcr mehr Datenschutz: Erst wenn Sie hier klicken, wird der Button aktiv und Sie k\\u00f6nnen Ihre Empfehlung an Twitter senden. Schon beim Aktivieren werden Daten an Dritte \\u00fcbertragen - siehe <em>i<\\\/em>.\",\"perma_option\":\"off\",\"language\":\"de\",\"referrer_track\":\"\"},\"gplus\":{\"status\":\"on\",\"txt_info\":\"2 Klicks f\\u00fcr mehr Datenschutz: Erst wenn Sie hier klicken, wird der Button aktiv und Sie k\\u00f6nnen Ihre Empfehlung an Google+ senden. Schon beim Aktivieren werden Daten an Dritte \\u00fcbertragen - siehe <em>i<\\\/em>.\",\"perma_option\":\"off\",\"referrer_track\":\"\"},\"xing\":{\"status\":\"on\",\"txt_info\":\"2 Klicks f\\u00fcr mehr Datenschutz: Erst wenn Sie hier klicken, wird der Button aktiv und Sie k\\u00f6nnen Ihre Empfehlung an Xing senden. Schon beim Aktivieren werden Daten an Dritte \\u00fcbertragen - siehe <em>i<\\\/em>.\",\"perma_option\":\"off\",\"language\":\"de\",\"referrer_track\":\"\"}},\"txt_help\":\"Wenn Sie diese Felder durch einen Klick aktivieren, werden Informationen an Facebook, Twitter, Flattr, Xing, t3n, LinkedIn, Pinterest oder Google eventuell ins Ausland \\u00fcbertragen und unter Umst\\u00e4nden auch dort gespeichert. N\\u00e4heres erfahren Sie durch einen Klick auf das <em>i<\\\/em>.\",\"settings_perma\":\"Dauerhaft aktivieren und Daten\\u00fcber-tragung zustimmen:\",\"info_link\":\"http:\\\/\\\/www.heise.de\\\/ct\\\/artikel\\\/2-Klicks-fuer-mehr-Datenschutz-1333879.html\",\"uri\":\"https:\\\/\\\/www.xn--claudiaschfer-kfb.de\\\/?page_id=2186\",\"post_id\":2186,\"post_title_referrer_track\":\"Body+and+Soul\",\"display_infobox\":\"on\"});}});\n\/* ]]> *\/<\/script><\/div>","protected":false},"excerpt":{"rendered":"","protected":false},"author":138,"featured_media":0,"parent":0,"menu_order":0,"comment_status":"closed","ping_status":"closed","template":"","meta":{"footnotes":""},"class_list":["post-2186","page","type-page","status-publish","hentry"],"aioseo_notices":[],"_links":{"self":[{"href":"https:\/\/www.xn--claudiaschfer-kfb.de\/index.php?rest_route=\/wp\/v2\/pages\/2186","targetHints":{"allow":["GET"]}}],"collection":[{"href":"https:\/\/www.xn--claudiaschfer-kfb.de\/index.php?rest_route=\/wp\/v2\/pages"}],"about":[{"href":"https:\/\/www.xn--claudiaschfer-kfb.de\/index.php?rest_route=\/wp\/v2\/types\/page"}],"author":[{"embeddable":true,"href":"https:\/\/www.xn--claudiaschfer-kfb.de\/index.php?rest_route=\/wp\/v2\/users\/138"}],"replies":[{"embeddable":true,"href":"https:\/\/www.xn--claudiaschfer-kfb.de\/index.php?rest_route=%2Fwp%2Fv2%2Fcomments&post=2186"}],"version-history":[{"count":0,"href":"https:\/\/www.xn--claudiaschfer-kfb.de\/index.php?rest_route=\/wp\/v2\/pages\/2186\/revisions"}],"wp:attachment":[{"href":"https:\/\/www.xn--claudiaschfer-kfb.de\/index.php?rest_route=%2Fwp%2Fv2%2Fmedia&parent=2186"}],"curies":[{"name":"wp","href":"https:\/\/api.w.org\/{rel}","templated":true}]}}