{"id":2275,"date":"2017-12-30T17:00:53","date_gmt":"2017-12-30T15:00:53","guid":{"rendered":"http:\/\/www.test2.xn--claudiaschfer-kfb.de\/?page_id=2275"},"modified":"2019-06-24T09:45:13","modified_gmt":"2019-06-24T07:45:13","slug":"inja","status":"publish","type":"page","link":"https:\/\/www.xn--claudiaschfer-kfb.de\/?page_id=2275","title":{"rendered":"Qicuma"},"content":{"rendered":"<div id='av-layout-grid-1'  class='av-layout-grid-container av-1e2zgf7-101044ffbac3cb834184a9410ef96644 entry-content-wrapper main_color av-flex-cells  avia-builder-el-0  el_before_av_layout_row  avia-builder-el-first   container_wrap sidebar_right'  >\n\n<style type=\"text\/css\" data-created_by=\"avia_inline_auto\" id=\"style-css-av-1cete0z-7985f82c37cafbe5afa34a47d8871574\">\n.flex_cell.av-1cete0z-7985f82c37cafbe5afa34a47d8871574{\nvertical-align:top;\n}\n.responsive #top #wrap_all .flex_cell.av-1cete0z-7985f82c37cafbe5afa34a47d8871574{\npadding:30px 30px 30px 10px !important;\n}\n<\/style>\n<div class='flex_cell av-1cete0z-7985f82c37cafbe5afa34a47d8871574 av-gridrow-cell av_one_half no_margin  avia-builder-el-1  el_before_av_cell_one_half  avia-builder-el-first  content-align-top'  ><div class='flex_cell_inner'>\n<style type=\"text\/css\" data-created_by=\"avia_inline_auto\" id=\"style-css-av-1aqa18j-b213f1edc057519e0f82ed3904d23109\">\n#top .av_textblock_section.av-1aqa18j-b213f1edc057519e0f82ed3904d23109 .avia_textblock{\nfont-size:29px;\n}\n<\/style>\n<section  class='av_textblock_section av-1aqa18j-b213f1edc057519e0f82ed3904d23109 '   itemscope=\"itemscope\" itemtype=\"https:\/\/schema.org\/CreativeWork\" ><div class='avia_textblock'  itemprop=\"text\" ><p style=\"text-align: center;\"><strong>TASTE AND FEEL<\/strong> <span style=\"color: #ff6600;\">QICUMA<\/span><\/p>\n<\/div><\/section><br \/>\n\n<style type=\"text\/css\" data-created_by=\"avia_inline_auto\" id=\"style-css-av-av_heading-f606f8cfa9e3dda814ba97bbbf49fe19\">\n#top .av-special-heading.av-av_heading-f606f8cfa9e3dda814ba97bbbf49fe19{\npadding-bottom:10px;\n}\nbody .av-special-heading.av-av_heading-f606f8cfa9e3dda814ba97bbbf49fe19 .av-special-heading-tag .heading-char{\nfont-size:25px;\n}\n.av-special-heading.av-av_heading-f606f8cfa9e3dda814ba97bbbf49fe19 .av-subheading{\nfont-size:15px;\n}\n<\/style>\n<div  class='av-special-heading av-av_heading-f606f8cfa9e3dda814ba97bbbf49fe19 av-special-heading-h5 blockquote modern-quote modern-centered  avia-builder-el-3  el_after_av_textblock  el_before_av_hr '><h5 class='av-special-heading-tag '  itemprop=\"headline\"  >WITH THE POWER OF CURCUMA, GREEN TEA <span class='special_amp'>&amp;<\/span> Q10<\/h5><div class=\"special-heading-border\"><div class=\"special-heading-inner-border\"><\/div><\/div><\/div><br \/>\n\n<style type=\"text\/css\" data-created_by=\"avia_inline_auto\" id=\"style-css-av-18ku6kz-d9af998f45bac19677f2f73cac731861\">\n#top .hr.hr-invisible.av-18ku6kz-d9af998f45bac19677f2f73cac731861{\nheight:50px;\n}\n<\/style>\n<div  class='hr av-18ku6kz-d9af998f45bac19677f2f73cac731861 hr-invisible  avia-builder-el-4  el_after_av_heading  el_before_av_button '><span class='hr-inner '><span class=\"hr-inner-style\"><\/span><\/span><\/div><br \/>\n<div  class='avia-button-wrap av-16gkc9v-07e3d17d70593f3eec1d23e193fd7535-wrap avia-button-center  avia-builder-el-5  el_after_av_hr  avia-builder-el-last '><a href='https:\/\/claudiaschaefer.energetix.tv\/search.aspx?soption=1&keyword=Qicuma#'  class='avia-button av-16gkc9v-07e3d17d70593f3eec1d23e193fd7535 av-link-btn avia-icon_select-yes-right-icon avia-size-medium avia-position-center avia-color-theme-color'  target=\"_blank\"  rel=\"noopener noreferrer\"  aria-label=\"Zum QICUMA Webshop\"><span class='avia_iconbox_title' >Zum QICUMA Webshop<\/span><span class='avia_button_icon avia_button_icon_right avia-iconfont avia-font-entypo-fontello' data-av_icon='\ue859' data-av_iconfont='entypo-fontello' ><\/span><\/a><\/div><\/p>\n<\/div><\/div>\n<style type=\"text\/css\" data-created_by=\"avia_inline_auto\" id=\"style-css-av-14cu7ub-2b82cb83c4c66e2ad916c0d7c8981227\">\n.flex_cell.av-14cu7ub-2b82cb83c4c66e2ad916c0d7c8981227{\nvertical-align:top;\n}\n.responsive #top #wrap_all .flex_cell.av-14cu7ub-2b82cb83c4c66e2ad916c0d7c8981227{\npadding:30px 30px 10px 30px !important;\n}\n<\/style>\n<div class='flex_cell av-14cu7ub-2b82cb83c4c66e2ad916c0d7c8981227 av-gridrow-cell av_one_half no_margin  avia-builder-el-6  el_after_av_cell_one_half  avia-builder-el-last  content-align-top'  ><div class='flex_cell_inner'><p><div  class='avia-video av-12rnbgz-d5043034818aef1845e0a063812d3858 avia-video-16-9 av-no-preview-image avia-video-load-always av-lazyload-immediate av-lazyload-video-embed'  itemprop=\"video\" itemtype=\"https:\/\/schema.org\/VideoObject\"  data-original_url='https:\/\/www.youtube.com\/watch?v=FH5S_PMTQkg'><script type='text\/html' class='av-video-tmpl'><div class='avia-iframe-wrap'><iframe loading=\"lazy\" title=\"QICUMA by ENERGETIX_DE\" width=\"1500\" height=\"844\" src=\"https:\/\/www.youtube.com\/embed\/FH5S_PMTQkg?feature=oembed&autoplay=0&loop=0&controls=1&mute=0\" frameborder=\"0\" allow=\"accelerometer; autoplay; clipboard-write; encrypted-media; gyroscope; picture-in-picture\" allowfullscreen><\/iframe><\/div><\/script><div class='av-click-to-play-overlay'><div class=\"avia_playpause_icon\"><\/div><\/div><\/div><br \/>\n<section  class='av_textblock_section av-3sn8sz-1a493c9ef0c5d52853d8e18800cbb807 '   itemscope=\"itemscope\" itemtype=\"https:\/\/schema.org\/CreativeWork\" ><div class='avia_textblock'  itemprop=\"text\" ><p><span style=\"color: #ff6600;\">QICUMA<\/span> ist ein Nahrungerg\u00e4nzungsmittel, welches die wertvollen Inhalts-und Wirkstoffe der ganzen Kurkumawurzel beinhaltet. Zusammen mit Q10 und gr\u00fcnem Tee eine hervorragende Erg\u00e4nzung der t\u00e4glichen Ern\u00e4hrung f\u00fcr die ganze Familie. Der Name <span style=\"color: #ff6600;\">QICUMA<\/span> bedeutet \u201einneres Ja\u201c zur Gesundheit und steht damit f\u00fcr das k\u00f6rperliche Wohlbefinden und gesundheitsorientierte Pr\u00e4vention.<\/p>\n<\/div><\/section><\/p>\n<\/div><\/div><\/div><div id='av-layout-grid-2'  class='av-layout-grid-container av-zbtl2r-862800f5794cf70e1491bdb494c51eef entry-content-wrapper main_color av-flex-cells  avia-builder-el-9  el_after_av_layout_row  el_before_av_layout_row  grid-row-not-first  container_wrap sidebar_right'  >\n\n<style type=\"text\/css\" data-created_by=\"avia_inline_auto\" id=\"style-css-av-yk07oz-223940b1085fd6490843729fe82ad2a6\">\n.flex_cell.av-yk07oz-223940b1085fd6490843729fe82ad2a6{\nvertical-align:top;\n}\n.responsive #top #wrap_all .flex_cell.av-yk07oz-223940b1085fd6490843729fe82ad2a6{\npadding:10px 30px 30px 30px !important;\n}\n<\/style>\n<div class='flex_cell av-yk07oz-223940b1085fd6490843729fe82ad2a6 av-gridrow-cell av_one_full no_margin  avia-builder-el-10  avia-builder-el-no-sibling  content-align-top'  ><div class='flex_cell_inner'><section  class='av_textblock_section av-vxtnib-eaf53a2ff5e3915ac2ca12a464e9432c '   itemscope=\"itemscope\" itemtype=\"https:\/\/schema.org\/CreativeWork\" ><div class='avia_textblock'  itemprop=\"text\" ><p style=\"text-align: left;\">Treu dem Motto &#8222;Alles kann, Nichts muss!&#8220; handelt es sich bei meinen Angeboten um unverbindliche Angebote und so ist es absolut selbstverst\u00e4ndlich, dass jede Dienstleistung f\u00fcr sich gesehen eigenst\u00e4ndig und unabh\u00e4ngig voneinander bei mir in Anspruch genommen werden kann.<\/p>\n<p>Insbesondere bei Nahrungserg\u00e4nzungsmitteln gibt es viele Anbieter am Markt und auch hier gilt, probieren geht \u00fcber studieren, was zum eigenen Wohlgef\u00fchl beitr\u00e4gt. Ich lasse\u00a0meine Kunden gerne von\u00a0meinen positiven Erfahrungen profitieren\u00a0und erweitere damit auch die Vielfalt am Buffet der M\u00f6glichkeiten.<\/p>\n<p>Gerne berate ich dich in einem unverbindlichen Telefonat oder pers\u00f6nlichen Gespr\u00e4ch oder komme mit einer Auswahl des u.a. Angebotes auch zu Dir nach Hause.<\/p>\n<p>Designer-Magnetschmuck &amp; Wellnessaccessoires <a href=\"https:\/\/claudiaschaefer.energetix.tv\/\"><b>www.claudiaschaefer.energetix.tv\u00a0<\/b><\/a><\/p>\n<p>Die perfekte Synergie f\u00fcr mehr Energie im K\u00f6rper bildet die <b>Nahrungserg\u00e4nzung<\/b> <strong>Qicuma<\/strong><b>\u00a0by Energetix <\/b>mit Kurkuma in hoher Bioverf\u00fcgbarkeit, Q10 und gr\u00fcnem Tee.<a href=\"https:\/\/www.xn--claudiaschfer-kfb.de\/wp-content\/uploads\/2019\/06\/Qicuma-1549312316.jpg\"><img loading=\"lazy\" decoding=\"async\" class=\"aligncenter size-medium wp-image-3632\" src=\"https:\/\/www.xn--claudiaschfer-kfb.de\/wp-content\/uploads\/2019\/06\/Qicuma-1549312316-300x225.jpg\" alt=\"Qicuma\" width=\"300\" height=\"225\" srcset=\"https:\/\/www.xn--claudiaschfer-kfb.de\/wp-content\/uploads\/2019\/06\/Qicuma-1549312316-300x225.jpg 300w, https:\/\/www.xn--claudiaschfer-kfb.de\/wp-content\/uploads\/2019\/06\/Qicuma-1549312316.jpg 400w\" sizes=\"auto, (max-width: 300px) 100vw, 300px\" \/><\/a><\/p>\n<p style=\"text-align: left;\"><strong>Das kostet <span style=\"color: #ff9900;\">QICUMA<\/span>\u00a0und so wird es geliefert<\/strong><\/p>\n<p>QICUMA in einem Abonnement wird versandkostenfrei nach Hause gliefert.\u00a0\u00a0Die 2-monatliche Lieferung kostet 108,- \u20ac.<\/p>\n<p>Eine Wochen- bzw. Monatsration kann auch zum Probierpreis von 17,50\u20ac bzw. 59,-\u20ac per e-Mail bei mir bestellt werden:\u00a0claudia-schaefer-coaching@t-online.de<\/p>\n<p>Ich freue mich \u00fcber Dein Interesse und informiere Dich gerne unverbindlich \u00fcber die M\u00f6glichkeiten.<\/p>\n<\/div><\/section>\n<\/div><\/div><\/div><div id='av-layout-grid-3'  class='av-layout-grid-container av-u81i2b-f2202c68e3e82a320f8d082d9d219e47 entry-content-wrapper main_color av-flex-cells  avia-builder-el-12  el_after_av_layout_row  el_before_av_layout_row  grid-row-not-first  container_wrap sidebar_right'  >\n\n<style type=\"text\/css\" data-created_by=\"avia_inline_auto\" id=\"style-css-av-snk3wj-2d5c3ad19266fb6ebe4a844f2bfafd25\">\n.flex_cell.av-snk3wj-2d5c3ad19266fb6ebe4a844f2bfafd25{\nvertical-align:top;\n}\n.responsive #top #wrap_all .flex_cell.av-snk3wj-2d5c3ad19266fb6ebe4a844f2bfafd25{\npadding:30px 30px 30px 30px !important;\n}\n<\/style>\n<div class='flex_cell av-snk3wj-2d5c3ad19266fb6ebe4a844f2bfafd25 av-gridrow-cell av_one_third no_margin  avia-builder-el-13  el_before_av_cell_one_third  avia-builder-el-first  content-align-top'  ><div class='flex_cell_inner'><\/div><\/div>\n<style type=\"text\/css\" data-created_by=\"avia_inline_auto\" id=\"style-css-av-r2u53n-e32c8ba21bf82cf143730937224fc67e\">\n.flex_cell.av-r2u53n-e32c8ba21bf82cf143730937224fc67e{\nvertical-align:top;\n}\n.responsive #top #wrap_all .flex_cell.av-r2u53n-e32c8ba21bf82cf143730937224fc67e{\npadding:30px 30px 30px 30px !important;\n}\n<\/style>\n<div class='flex_cell av-r2u53n-e32c8ba21bf82cf143730937224fc67e av-gridrow-cell av_one_third no_margin  avia-builder-el-14  el_after_av_cell_one_third  el_before_av_cell_one_third  content-align-top'  ><div class='flex_cell_inner'><form action=\"https:\/\/www.xn--claudiaschfer-kfb.de\/?page_id=2275\" method=\"post\" data-fields-with-error=\"Fehler wurden in folgenden Feld(ern) gefunden:\" class=\"avia_ajax_form av-form-labels-visible   avia-builder-el-15  avia-builder-el-no-sibling   \" data-avia-form-id=\"1\" data-avia-redirect='' ><h3 class=''>Bestellung oder Fragen zu QICUMA<\/h3><fieldset><p class='  first_form  form_element form_element_half' id='element_avia_1_1'><label for=\"avia_1_1\">Vorname <abbr class=\"required\" title=\"ben\u00f6tigt\">*<\/abbr><\/label> <input name=\"avia_1_1\" class=\"text_input is_empty\" type=\"text\" id=\"avia_1_1\" value=\"\" \/><\/p><p class='  form_element form_element_half' id='element_avia_2_1'><label for=\"avia_2_1\">Nachname <abbr class=\"required\" title=\"ben\u00f6tigt\">*<\/abbr><\/label> <input name=\"avia_2_1\" class=\"text_input is_empty\" type=\"text\" id=\"avia_2_1\" value=\"\" \/><\/p><p class='  first_form  form_element form_element_two_third' id='element_avia_3_1'><label for=\"avia_3_1\">Strasse <abbr class=\"required\" title=\"ben\u00f6tigt\">*<\/abbr><\/label> <input name=\"avia_3_1\" class=\"text_input is_empty\" type=\"text\" id=\"avia_3_1\" value=\"\" \/><\/p><p class='  form_element form_element_third' id='element_avia_4_1'><label for=\"avia_4_1\">Haus-Nr. <abbr class=\"required\" title=\"ben\u00f6tigt\">*<\/abbr><\/label> <input name=\"avia_4_1\" class=\"text_input is_empty\" type=\"text\" id=\"avia_4_1\" value=\"\" \/><\/p><p class='  first_form  form_element form_element_third' id='element_avia_5_1'><label for=\"avia_5_1\">PLZ <abbr class=\"required\" title=\"ben\u00f6tigt\">*<\/abbr><\/label> <input name=\"avia_5_1\" class=\"text_input is_empty\" type=\"text\" id=\"avia_5_1\" value=\"\" \/><\/p><p class='  form_element form_element_two_third' id='element_avia_6_1'><label for=\"avia_6_1\">Ort <abbr class=\"required\" title=\"ben\u00f6tigt\">*<\/abbr><\/label> <input name=\"avia_6_1\" class=\"text_input is_empty\" type=\"text\" id=\"avia_6_1\" value=\"\" \/><\/p><p class='  first_form  form_element form_fullwidth' id='element_avia_7_1'><label for=\"avia_7_1\">Telefon<\/label> <input name=\"avia_7_1\" class=\"text_input \" type=\"text\" id=\"avia_7_1\" value=\"\" \/><\/p><p class='  first_form  form_element form_fullwidth' id='element_avia_8_1'><label for=\"avia_8_1\">E-Mail <abbr class=\"required\" title=\"ben\u00f6tigt\">*<\/abbr><\/label> <input name=\"avia_8_1\" class=\"text_input is_email\" type=\"text\" id=\"avia_8_1\" value=\"\" \/><\/p><p class='  first_form  form_element form_fullwidth' id='element_avia_9_1'><label for=\"avia_9_1\">Bestellung\/Fragen <abbr class=\"required\" title=\"ben\u00f6tigt\">*<\/abbr><\/label><select  name=\"avia_9_1\" class=\"select is_empty\" id=\"avia_9_1\"><option   value='Fragen zu INJA'>Fragen zu INJA<\/option><option   value='INJA Abo 2 Monatige Lieferung 108 \u20ac'>INJA Abo 2 Monatige Lieferung 108 \u20ac<\/option><option   value='INJA Wochenpachung 17.50 \u20ac'>INJA Wochenpachung 17.50 \u20ac<\/option><option   value='INJA Monatspackung 59 \u20ac'>INJA Monatspackung 59 \u20ac<\/option><\/select><\/p><p class='  first_form  form_element form_fullwidth' id='element_avia_10_1'><label for=\"avia_10_1\" class=\"textare_label hidden textare_label_avia_10_1\">Nachricht <abbr class=\"required\" title=\"ben\u00f6tigt\">*<\/abbr><\/label><textarea  name=\"avia_10_1\" class=\"text_area is_empty\" cols=\"40\" rows=\"7\" id=\"avia_10_1\" ><\/textarea><\/p><p class=\"hidden\"><input type=\"text\" name=\"avia_11_1\" class=\"hidden \" id=\"avia_11_1\" value=\"\" \/><\/p><p class='   form_element form_fullwidth' id='element_avia_12_1'><span class='value_verifier_label'>0 + 1 = ?<\/span><input name=\"avia_12_1_verifier\" type=\"hidden\" id=\"avia_12_1_verifier\" value=\"758361745\"\/><label for=\"avia_12_1\">Bitte l\u00f6se die Gleichung. Diese Ma\u00dfnahme dient der Abwehr von Spam <abbr class=\"required\" title=\"ben\u00f6tigt\">*<\/abbr><\/label><input name=\"avia_12_1\" class=\"text_input captcha\" type=\"text\" id=\"avia_12_1\" value=\"\"\/><\/p><p class=\"form_element \"><input type=\"hidden\" value=\"1\" name=\"avia_generated_form1\" \/><input type=\"submit\" value=\"Senden\" class=\"button\"  data-sending-label=\"Sende\"\/><\/p><\/fieldset><\/form><div id=\"ajaxresponse_1\" class=\"ajaxresponse ajaxresponse_1 hidden\"><\/div>\n<\/div><\/div>\n<style type=\"text\/css\" data-created_by=\"avia_inline_auto\" id=\"style-css-av-7u4xwj-c3f7662d0a00f67ecb2f70ee471e6615\">\n.flex_cell.av-7u4xwj-c3f7662d0a00f67ecb2f70ee471e6615{\nvertical-align:top;\n}\n.responsive #top #wrap_all .flex_cell.av-7u4xwj-c3f7662d0a00f67ecb2f70ee471e6615{\npadding:30px 30px 30px 30px !important;\n}\n<\/style>\n<div class='flex_cell av-7u4xwj-c3f7662d0a00f67ecb2f70ee471e6615 av-gridrow-cell av_one_third no_margin  avia-builder-el-16  el_after_av_cell_one_third  avia-builder-el-last  content-align-top'  ><div class='flex_cell_inner'><\/div><\/div>\n<\/div><\/p>\n<div id='av-layout-grid-4'  class='av-layout-grid-container av-6510df-6e808e578f0915793e109a90eb433287 entry-content-wrapper main_color av-flex-cells  avia-builder-el-17  el_after_av_layout_row  avia-builder-el-last  grid-row-not-first  container_wrap sidebar_right'  >\n<div class='flex_cell av-4np7pv-da93c8ee61a0c1e6dfeba787067991fd av-gridrow-cell av_one_half no_margin  avia-builder-el-18  el_before_av_cell_one_half  avia-builder-el-first '  ><div class='flex_cell_inner'><\/div><\/div> <div class='flex_cell av-1vftg3-f8f2c951ffdb6ce3ed7a716584b47c55 av-gridrow-cell av_one_half no_margin  avia-builder-el-19  el_after_av_cell_one_half  avia-builder-el-last '  ><div class='flex_cell_inner'><\/div><\/div>\n<\/div>\n<div class=\"twoclick_social_bookmarks_post_2275 social_share_privacy clearfix 1.6.4 locale-de_DE sprite-de_DE\"><\/div><div class=\"twoclick-js\"><script type=\"text\/javascript\">\/* <![CDATA[ *\/\njQuery(document).ready(function($){if($('.twoclick_social_bookmarks_post_2275')){$('.twoclick_social_bookmarks_post_2275').socialSharePrivacy({\"services\":{\"facebook\":{\"status\":\"on\",\"txt_info\":\"2 Klicks f\\u00fcr mehr Datenschutz: Erst wenn Sie hier klicken, wird der Button aktiv und Sie k\\u00f6nnen Ihre Empfehlung an Facebook senden. Schon beim Aktivieren werden Daten an Dritte \\u00fcbertragen - siehe <em>i<\\\/em>.\",\"perma_option\":\"off\",\"action\":\"like\",\"language\":\"de_DE\"},\"twitter\":{\"reply_to\":\"\",\"tweet_text\":\"Qicuma%20%C2%BB%20Claudia%20Sch%C3%A4fer\",\"status\":\"on\",\"txt_info\":\"2 Klicks f\\u00fcr mehr Datenschutz: Erst wenn Sie hier klicken, wird der Button aktiv und Sie k\\u00f6nnen Ihre Empfehlung an Twitter senden. Schon beim Aktivieren werden Daten an Dritte \\u00fcbertragen - siehe <em>i<\\\/em>.\",\"perma_option\":\"off\",\"language\":\"de\",\"referrer_track\":\"\"},\"gplus\":{\"status\":\"on\",\"txt_info\":\"2 Klicks f\\u00fcr mehr Datenschutz: Erst wenn Sie hier klicken, wird der Button aktiv und Sie k\\u00f6nnen Ihre Empfehlung an Google+ senden. Schon beim Aktivieren werden Daten an Dritte \\u00fcbertragen - siehe <em>i<\\\/em>.\",\"perma_option\":\"off\",\"referrer_track\":\"\"},\"xing\":{\"status\":\"on\",\"txt_info\":\"2 Klicks f\\u00fcr mehr Datenschutz: Erst wenn Sie hier klicken, wird der Button aktiv und Sie k\\u00f6nnen Ihre Empfehlung an Xing senden. Schon beim Aktivieren werden Daten an Dritte \\u00fcbertragen - siehe <em>i<\\\/em>.\",\"perma_option\":\"off\",\"language\":\"de\",\"referrer_track\":\"\"}},\"txt_help\":\"Wenn Sie diese Felder durch einen Klick aktivieren, werden Informationen an Facebook, Twitter, Flattr, Xing, t3n, LinkedIn, Pinterest oder Google eventuell ins Ausland \\u00fcbertragen und unter Umst\\u00e4nden auch dort gespeichert. N\\u00e4heres erfahren Sie durch einen Klick auf das <em>i<\\\/em>.\",\"settings_perma\":\"Dauerhaft aktivieren und Daten\\u00fcber-tragung zustimmen:\",\"info_link\":\"http:\\\/\\\/www.heise.de\\\/ct\\\/artikel\\\/2-Klicks-fuer-mehr-Datenschutz-1333879.html\",\"uri\":\"https:\\\/\\\/www.xn--claudiaschfer-kfb.de\\\/?page_id=2275\",\"post_id\":2275,\"post_title_referrer_track\":\"Qicuma\",\"display_infobox\":\"on\"});}});\n\/* ]]> *\/<\/script><\/div>","protected":false},"excerpt":{"rendered":"","protected":false},"author":138,"featured_media":0,"parent":0,"menu_order":0,"comment_status":"closed","ping_status":"closed","template":"","meta":{"footnotes":""},"class_list":["post-2275","page","type-page","status-publish","hentry"],"aioseo_notices":[],"_links":{"self":[{"href":"https:\/\/www.xn--claudiaschfer-kfb.de\/index.php?rest_route=\/wp\/v2\/pages\/2275","targetHints":{"allow":["GET"]}}],"collection":[{"href":"https:\/\/www.xn--claudiaschfer-kfb.de\/index.php?rest_route=\/wp\/v2\/pages"}],"about":[{"href":"https:\/\/www.xn--claudiaschfer-kfb.de\/index.php?rest_route=\/wp\/v2\/types\/page"}],"author":[{"embeddable":true,"href":"https:\/\/www.xn--claudiaschfer-kfb.de\/index.php?rest_route=\/wp\/v2\/users\/138"}],"replies":[{"embeddable":true,"href":"https:\/\/www.xn--claudiaschfer-kfb.de\/index.php?rest_route=%2Fwp%2Fv2%2Fcomments&post=2275"}],"version-history":[{"count":0,"href":"https:\/\/www.xn--claudiaschfer-kfb.de\/index.php?rest_route=\/wp\/v2\/pages\/2275\/revisions"}],"wp:attachment":[{"href":"https:\/\/www.xn--claudiaschfer-kfb.de\/index.php?rest_route=%2Fwp%2Fv2%2Fmedia&parent=2275"}],"curies":[{"name":"wp","href":"https:\/\/api.w.org\/{rel}","templated":true}]}}