{"id":253,"date":"2016-05-23T10:30:12","date_gmt":"2016-05-23T10:30:12","guid":{"rendered":"http:\/\/test.kriesi.at\/enfold-health-coach\/?page_id=253"},"modified":"2017-12-31T15:50:03","modified_gmt":"2017-12-31T13:50:03","slug":"about","status":"publish","type":"page","link":"https:\/\/www.xn--claudiaschfer-kfb.de\/?page_id=253","title":{"rendered":"About"},"content":{"rendered":"<div id='welcome'  class='av-layout-grid-container av-av_layout_row-90f594a971eb443337a9405a7679841e entry-content-wrapper main_color av-fixed-cells  avia-builder-el-0  el_before_av_layout_row  avia-builder-el-first   container_wrap sidebar_right'  >\n\n<style type=\"text\/css\" data-created_by=\"avia_inline_auto\" id=\"style-css-av-av_cell_one_fourth-01b380518496217782e83ab35321a1df\">\n.flex_cell.av-av_cell_one_fourth-01b380518496217782e83ab35321a1df{\nvertical-align:top;\nheight:15px;\nmin-height:15px;\nbackground-color:#4d0a40;\n}\n.responsive #top #wrap_all .flex_cell.av-av_cell_one_fourth-01b380518496217782e83ab35321a1df{\npadding:0px 0px 0px 0px !important;\n}\n<\/style>\n<div class='flex_cell av-av_cell_one_fourth-01b380518496217782e83ab35321a1df av-gridrow-cell av_one_fourth no_margin  avia-builder-el-1  el_before_av_cell_one_fourth  avia-builder-el-first  content-align-top av-zero-padding'  ><div class='flex_cell_inner'><\/div><\/div>\n<style type=\"text\/css\" data-created_by=\"avia_inline_auto\" id=\"style-css-av-av_cell_one_fourth-01b380518496217782e83ab35321a1df\">\n.flex_cell.av-av_cell_one_fourth-01b380518496217782e83ab35321a1df{\nvertical-align:top;\nheight:15px;\nmin-height:15px;\nbackground-color:#4d0a40;\n}\n.responsive #top #wrap_all .flex_cell.av-av_cell_one_fourth-01b380518496217782e83ab35321a1df{\npadding:0px 0px 0px 0px !important;\n}\n<\/style>\n<div class='flex_cell av-av_cell_one_fourth-01b380518496217782e83ab35321a1df av-gridrow-cell av_one_fourth no_margin  avia-builder-el-2  el_after_av_cell_one_fourth  el_before_av_cell_one_fourth  content-align-top av-zero-padding'  ><div class='flex_cell_inner'><\/div><\/div>\n<style type=\"text\/css\" data-created_by=\"avia_inline_auto\" id=\"style-css-av-av_cell_one_fourth-01b380518496217782e83ab35321a1df\">\n.flex_cell.av-av_cell_one_fourth-01b380518496217782e83ab35321a1df{\nvertical-align:top;\nheight:15px;\nmin-height:15px;\nbackground-color:#4d0a40;\n}\n.responsive #top #wrap_all .flex_cell.av-av_cell_one_fourth-01b380518496217782e83ab35321a1df{\npadding:0px 0px 0px 0px !important;\n}\n<\/style>\n<div class='flex_cell av-av_cell_one_fourth-01b380518496217782e83ab35321a1df av-gridrow-cell av_one_fourth no_margin  avia-builder-el-3  el_after_av_cell_one_fourth  el_before_av_cell_one_fourth  content-align-top av-zero-padding'  ><div class='flex_cell_inner'><\/div><\/div>\n<style type=\"text\/css\" data-created_by=\"avia_inline_auto\" id=\"style-css-av-av_cell_one_fourth-01b380518496217782e83ab35321a1df\">\n.flex_cell.av-av_cell_one_fourth-01b380518496217782e83ab35321a1df{\nvertical-align:top;\nheight:15px;\nmin-height:15px;\nbackground-color:#4d0a40;\n}\n.responsive #top #wrap_all .flex_cell.av-av_cell_one_fourth-01b380518496217782e83ab35321a1df{\npadding:0px 0px 0px 0px !important;\n}\n<\/style>\n<div class='flex_cell av-av_cell_one_fourth-01b380518496217782e83ab35321a1df av-gridrow-cell av_one_fourth no_margin  avia-builder-el-4  el_after_av_cell_one_fourth  avia-builder-el-last  content-align-top av-zero-padding'  ><div class='flex_cell_inner'><\/div><\/div>\n<\/div>\n<div id='hello'  class='av-layout-grid-container av-av_layout_row-9c850e61ba9bcfa54681f4e806a20a04 entry-content-wrapper main_color av-flex-cells  avia-builder-el-5  el_after_av_layout_row  el_before_av_section  grid-row-not-first  container_wrap sidebar_right'  >\n\n<style type=\"text\/css\" data-created_by=\"avia_inline_auto\" id=\"style-css-av-av_cell_one_half-27c567a00a97410a041c3b38db8ca9bc\">\n.flex_cell.av-av_cell_one_half-27c567a00a97410a041c3b38db8ca9bc{\nvertical-align:top;\n}\n.responsive #top #wrap_all .flex_cell.av-av_cell_one_half-27c567a00a97410a041c3b38db8ca9bc{\npadding:100px 100px 100px 100px !important;\n}\n<\/style>\n<div class='flex_cell av-av_cell_one_half-27c567a00a97410a041c3b38db8ca9bc av-gridrow-cell av_one_half no_margin  avia-builder-el-6  el_before_av_cell_one_half  avia-builder-el-first  content-align-top'  ><div class='flex_cell_inner'><p>\n<style type=\"text\/css\" data-created_by=\"avia_inline_auto\" id=\"style-css-av-av_heading-28bbdcbf2580664bf46f8b2f1f7dc318\">\n#top .av-special-heading.av-av_heading-28bbdcbf2580664bf46f8b2f1f7dc318{\npadding-bottom:30px;\nfont-size:70px;\n}\nbody .av-special-heading.av-av_heading-28bbdcbf2580664bf46f8b2f1f7dc318 .av-special-heading-tag .heading-char{\nfont-size:25px;\n}\n#top #wrap_all .av-special-heading.av-av_heading-28bbdcbf2580664bf46f8b2f1f7dc318 .av-special-heading-tag{\nfont-size:70px;\n}\n.av-special-heading.av-av_heading-28bbdcbf2580664bf46f8b2f1f7dc318 .av-subheading{\nfont-size:15px;\n}\n\n@media only screen and (min-width: 480px) and (max-width: 767px){ \n#top #wrap_all .av-special-heading.av-av_heading-28bbdcbf2580664bf46f8b2f1f7dc318 .av-special-heading-tag{\nfont-size:0.8em;\n}\n}\n\n@media only screen and (max-width: 479px){ \n#top #wrap_all .av-special-heading.av-av_heading-28bbdcbf2580664bf46f8b2f1f7dc318 .av-special-heading-tag{\nfont-size:0.8em;\n}\n}\n<\/style>\n<div  class='av-special-heading av-av_heading-28bbdcbf2580664bf46f8b2f1f7dc318 av-special-heading-h3 blockquote modern-quote  avia-builder-el-7  el_before_av_textblock  avia-builder-el-first  av-inherit-size'><h3 class='av-special-heading-tag '  itemprop=\"headline\"  >Claudia Sch\u00e4fer<\/h3><div class=\"special-heading-border\"><div class=\"special-heading-inner-border\"><\/div><\/div><\/div><br \/>\n<section  class='av_textblock_section av-av_textblock-2de302bf1aa3cf4c9157dbe6f50ac7eb '   itemscope=\"itemscope\" itemtype=\"https:\/\/schema.org\/CreativeWork\" ><div class='avia_textblock'  itemprop=\"text\" ><p>Jahrgang 1969<\/p>\n<\/div><\/section><br \/>\n<section  class='av_textblock_section av-av_textblock-2de302bf1aa3cf4c9157dbe6f50ac7eb '   itemscope=\"itemscope\" itemtype=\"https:\/\/schema.org\/CreativeWork\" ><div class='avia_textblock'  itemprop=\"text\" ><p>Durch meine 19 j\u00e4hrige Berufserfahrung in Kommunikation und F\u00fchrung als gelernte Krankenkassen-Betriebswirtin habe ich seit Ende der 90er Jahre und schlussendlich im Jahr 2003 durch den Beginn einer NLP-Ausbildung meine Berufung und Leidenschaft in der Entwicklung und Begleitung von Menschen entdeckt.<br \/>\nAuf meinem Weg inspirierten mich u.a. Vision-Quests und Retreats in Brasilien, eine umfassende NLP Trainer Ausbildung, die systemische Aufstellungsarbeit nach Prof. Varga v. Kib\u00e9d und \u00e4hnliches mehr.<br \/>\nBis heute begleitet mich in meiner pers\u00f6nlichen Lebenspraxis und Arbeit u.a. die integrale Theorie nach Ken Wilber sowie Spiral Dynamics nach Professor Graves und seinen Sch\u00fclern Cowen und Beck als eine Landkarte f\u00fcr Business und Gesellschaft \u00fcber Leadership, Werte und Wandel des 21. Jahrhunderts.<\/p>\n<p><u>Seit 2006 arbeite ich selbst\u00e4ndig in meiner eigenen Praxis.<\/u><\/p>\n<p>Die ganzheitliche Entwicklung und Beratung von Menschen und menschlichen \u201eSystemen\u201c (Firmen wie Familien) steht im Fokus meiner Arbeit.<br \/>\nEs freut mich, wenn sich meine Klienten wieder der Einzigartigkeit ihres Wesens und Weges bewusst werden und sie auf die Gestaltung ihres Lebens wieder positiv und aktiv Einfluss nehmen. Durch Coaching und Beratung entwickeln sie im Laufe der Begleitung zunehmende Selbstsicherheit, Authentizit\u00e4t, Erfolg, und Wohlbefinden im privaten und beruflichen Bereich.<br \/>\nIm Laufe der Jahre entwickelte ich ein kreatives und effektives Angebots- und Methoden-Portfolio, welches ich individuell auf die Bedarfe jedes Einzelnen ausrichte.<br \/>\nIch bin u.a. NLP-Lehrtrainerin, Bowtech-Practitioner \u00ae, systemische Aufstellerin, integraler Businesscoach, Coach f\u00fcr energetische und neuronale Stress- und Musteraufl\u00f6sung mit EFT \u00ae, Wavivid \u00ae und CQM \u00ae.<br \/>\nIch freue mich, Sie kennen zu lernen und ein St\u00fcck des Weges zu begleiten zu d\u00fcrfen.<\/p>\n<\/div><\/section><\/p>\n<\/div><\/div>\n<style type=\"text\/css\" data-created_by=\"avia_inline_auto\" id=\"style-css-av-av_cell_one_half-14cc61fd1ffe1d8f503c939caffbf4b0\">\n.flex_cell.av-av_cell_one_half-14cc61fd1ffe1d8f503c939caffbf4b0{\nvertical-align:top;\nbackground-color:#c1b8c1;\n}\n.responsive #top #wrap_all .flex_cell.av-av_cell_one_half-14cc61fd1ffe1d8f503c939caffbf4b0{\npadding:100px 100px 100px 100px !important;\n}\n<\/style>\n<div class='flex_cell av-av_cell_one_half-14cc61fd1ffe1d8f503c939caffbf4b0 av-gridrow-cell av_one_half no_margin  avia-builder-el-10  el_after_av_cell_one_half  avia-builder-el-last  content-align-top avia-full-stretch'  ><div class='flex_cell_inner'>\n<style type=\"text\/css\" data-created_by=\"avia_inline_auto\" id=\"style-css-av-av_image-21106504ba67c4729aace4e919434387\">\n.avia-image-container.av-av_image-21106504ba67c4729aace4e919434387 img.avia_image{\nbox-shadow:none;\n}\n.avia-image-container.av-av_image-21106504ba67c4729aace4e919434387 .av-image-caption-overlay-center{\ncolor:#ffffff;\n}\n<\/style>\n<div  class='avia-image-container av-av_image-21106504ba67c4729aace4e919434387 av-styling- avia-align-center  avia-builder-el-11  avia-builder-el-no-sibling '   itemprop=\"image\" itemscope=\"itemscope\" itemtype=\"https:\/\/schema.org\/ImageObject\" ><div class=\"avia-image-container-inner\"><div class=\"avia-image-overlay-wrap\"><img decoding=\"async\" fetchpriority=\"high\" class='wp-image-2064 avia-img-lazy-loading-not-2064 avia_image ' src=\"https:\/\/www.xn--claudiaschfer-kfb.de\/wp-content\/uploads\/2017\/12\/20161101-_DSC0403.jpg\" alt=\"About\" title='20161101-_DSC0403'  height=\"1600\" width=\"1060\"  itemprop=\"thumbnailUrl\" srcset=\"https:\/\/www.xn--claudiaschfer-kfb.de\/wp-content\/uploads\/2017\/12\/20161101-_DSC0403.jpg 1060w, https:\/\/www.xn--claudiaschfer-kfb.de\/wp-content\/uploads\/2017\/12\/20161101-_DSC0403-199x300.jpg 199w, https:\/\/www.xn--claudiaschfer-kfb.de\/wp-content\/uploads\/2017\/12\/20161101-_DSC0403-768x1160.jpg 768w, https:\/\/www.xn--claudiaschfer-kfb.de\/wp-content\/uploads\/2017\/12\/20161101-_DSC0403-682x1030.jpg 682w, https:\/\/www.xn--claudiaschfer-kfb.de\/wp-content\/uploads\/2017\/12\/20161101-_DSC0403-600x906.jpg 600w, https:\/\/www.xn--claudiaschfer-kfb.de\/wp-content\/uploads\/2017\/12\/20161101-_DSC0403-993x1500.jpg 993w, https:\/\/www.xn--claudiaschfer-kfb.de\/wp-content\/uploads\/2017\/12\/20161101-_DSC0403-467x705.jpg 467w, https:\/\/www.xn--claudiaschfer-kfb.de\/wp-content\/uploads\/2017\/12\/20161101-_DSC0403-450x679.jpg 450w\" sizes=\"(max-width: 1060px) 100vw, 1060px\" \/><\/div><\/div><\/div>\n<\/div><\/div>\n<\/div>\n<div id='av_section_1'  class='avia-section av-av_section-b1c84882d909afba278729aa14bd93cc main_color avia-section-huge avia-no-border-styling  avia-builder-el-12  el_after_av_layout_row  el_before_av_layout_row  avia-bg-style-scroll container_wrap sidebar_right'  ><div class='container av-section-cont-open' ><div class='template-page content  av-content-small alpha units'><div class='post-entry post-entry-type-page post-entry-253'><div class='entry-content-wrapper clearfix'>\n\n<style type=\"text\/css\" data-created_by=\"avia_inline_auto\" id=\"style-css-av-av_one_half-6126cab7d8fab8d08143dd2dacdf673c\">\n.flex_column.av-av_one_half-6126cab7d8fab8d08143dd2dacdf673c{\nborder-radius:0px 0px 0px 0px;\npadding:0px 0px 0px 0px;\n}\n<\/style>\n<div  class='flex_column av-av_one_half-6126cab7d8fab8d08143dd2dacdf673c av_one_half  avia-builder-el-13  el_before_av_one_half  avia-builder-el-first  first flex_column_div av-zero-column-padding  '     ><article  class='iconbox iconbox_left_content av-av_icon_box-d39cdc7fc0e3582da89f42852be9223d  avia-builder-el-14  avia-builder-el-no-sibling '  itemscope=\"itemscope\" itemtype=\"https:\/\/schema.org\/CreativeWork\" ><div class='iconbox_icon heading-color avia-iconfont avia-font-lifestyles' data-av_icon='\uf110' data-av_iconfont='lifestyles' title=\"Integrales Coaching\" desc=\"Integrales Coaching\" ><\/div><div class=\"iconbox_content\"><header class=\"entry-content-header\" aria-label=\"Icon: Integrales Coaching\"><h3 class='iconbox_content_title '  itemprop=\"headline\" ><a href='https:\/\/www.xn--claudiaschfer-kfb.de\/?page_id=2169' title='Integrales Coaching'  >Integrales Coaching<\/a><\/h3><\/header><div class='iconbox_content_container '  itemprop=\"text\" ><p>Ein integrales Coaching unterscheidet sich deutlich von einem konventionellem Coaching. Hier verwende ich den integralen Ansatz nach Ken Wilber, der moderne Psychologie mit den Methoden von Meditation und Achtsamkeit sowie effektive Coachingmethoden verbindet.<\/p>\n<\/div><\/div><footer class=\"entry-footer\"><\/footer><\/article><\/div>\n<style type=\"text\/css\" data-created_by=\"avia_inline_auto\" id=\"style-css-av-av_one_half-0aa7055fe62c3622faec82866afbaeb2\">\n.flex_column.av-av_one_half-0aa7055fe62c3622faec82866afbaeb2{\nborder-radius:0px 0px 0px 0px;\npadding:0px 0px 0px 0px;\n}\n<\/style>\n<div  class='flex_column av-av_one_half-0aa7055fe62c3622faec82866afbaeb2 av_one_half  avia-builder-el-15  el_after_av_one_half  el_before_av_one_half  flex_column_div av-zero-column-padding  '     ><article  class='iconbox iconbox_left_content av-av_icon_box-9319c1c67f4465e265ad4247216a0f9d  avia-builder-el-16  avia-builder-el-no-sibling '  itemscope=\"itemscope\" itemtype=\"https:\/\/schema.org\/CreativeWork\" ><a href='https:\/\/www.xn--claudiaschfer-kfb.de\/?page_id=2152' title='Emotions und Ressourcencoaching' aria-label='Emotions und Ressourcencoaching'  target=\"_blank\"  rel=\"noopener noreferrer\" class='iconbox_icon heading-color avia-iconfont avia-font-lifestyles' data-av_icon='\uf11d' data-av_iconfont='lifestyles' title=\"Emotions und Ressourcencoaching\" desc=\"Emotions und Ressourcencoaching\" ><\/a><div class=\"iconbox_content\"><header class=\"entry-content-header\" aria-label=\"Icon: Emotions und Ressourcencoaching\"><h3 class='iconbox_content_title '  itemprop=\"headline\" ><a href='https:\/\/www.xn--claudiaschfer-kfb.de\/?page_id=2152' title='Emotions und Ressourcencoaching'  target=\"_blank\"  rel=\"noopener noreferrer\">Emotions und Ressourcencoaching<\/a><\/h3><\/header><div class='iconbox_content_container '  itemprop=\"text\" ><p>Schnelle Hilfe mit den Methoden der Energiepsychologie und limbischem Coaching<\/p>\n<\/div><\/div><footer class=\"entry-footer\"><\/footer><\/article><\/div>\n<style type=\"text\/css\" data-created_by=\"avia_inline_auto\" id=\"style-css-av-av_one_half-6126cab7d8fab8d08143dd2dacdf673c\">\n.flex_column.av-av_one_half-6126cab7d8fab8d08143dd2dacdf673c{\nborder-radius:0px 0px 0px 0px;\npadding:0px 0px 0px 0px;\n}\n<\/style>\n<div  class='flex_column av-av_one_half-6126cab7d8fab8d08143dd2dacdf673c av_one_half  avia-builder-el-17  el_after_av_one_half  el_before_av_one_half  first flex_column_div av-zero-column-padding  column-top-margin'     ><article  class='iconbox iconbox_left_content av-av_icon_box-fc6cc1e2ca0ba8e410a394f02e0520d7  avia-builder-el-18  avia-builder-el-no-sibling '  itemscope=\"itemscope\" itemtype=\"https:\/\/schema.org\/CreativeWork\" ><a href='https:\/\/www.xn--claudiaschfer-kfb.de\/?page_id=2169' title='Systemische Aufstellungen f\u00fcr Firmen und Privatpersonen' aria-label='Systemische Aufstellungen f\u00fcr Firmen und Privatpersonen'  target=\"_blank\"  rel=\"noopener noreferrer\" class='iconbox_icon heading-color avia-iconfont avia-font-lifestyles' data-av_icon='\uf117' data-av_iconfont='lifestyles' title=\"Systemische Aufstellungen f\u00fcr Firmen und Privatpersonen\" desc=\"Systemische Aufstellungen f\u00fcr Firmen und Privatpersonen\" ><\/a><div class=\"iconbox_content\"><header class=\"entry-content-header\" aria-label=\"Icon: Systemische Aufstellungen f\u00fcr Firmen und Privatpersonen\"><h3 class='iconbox_content_title '  itemprop=\"headline\" ><a href='https:\/\/www.xn--claudiaschfer-kfb.de\/?page_id=2169' title='Systemische Aufstellungen f\u00fcr Firmen und Privatpersonen'  target=\"_blank\"  rel=\"noopener noreferrer\">Systemische Aufstellungen f\u00fcr Firmen und Privatpersonen<\/a><\/h3><\/header><div class='iconbox_content_container '  itemprop=\"text\" ><p>In einer Aufstellung werden sowohl die Anteile des jeweiligen Systems, als auch das Thema oder Problem als solches mittels sogenannter Repr\u00e4sentanten oder Symbole r\u00e4umlich sichtbar gemacht, wodurch eine Analyse und Ver\u00e4nderung m\u00f6glich wird.<\/p>\n<\/div><\/div><footer class=\"entry-footer\"><\/footer><\/article><\/div>\n<style type=\"text\/css\" data-created_by=\"avia_inline_auto\" id=\"style-css-av-av_one_half-0aa7055fe62c3622faec82866afbaeb2\">\n.flex_column.av-av_one_half-0aa7055fe62c3622faec82866afbaeb2{\nborder-radius:0px 0px 0px 0px;\npadding:0px 0px 0px 0px;\n}\n<\/style>\n<div  class='flex_column av-av_one_half-0aa7055fe62c3622faec82866afbaeb2 av_one_half  avia-builder-el-19  el_after_av_one_half  avia-builder-el-last  flex_column_div av-zero-column-padding  column-top-margin'     ><article  class='iconbox iconbox_left_content av-av_icon_box-4675e6556769fcd554a4b352ae0cdcdd  avia-builder-el-20  avia-builder-el-no-sibling '  itemscope=\"itemscope\" itemtype=\"https:\/\/schema.org\/CreativeWork\" ><a href='https:\/\/www.xn--claudiaschfer-kfb.de\/?page_id=2186' title='Body &amp; Soul' aria-label='Body &amp; Soul'  target=\"_blank\"  rel=\"noopener noreferrer\" class='iconbox_icon heading-color avia-iconfont avia-font-lifestyles' data-av_icon='\uf126' data-av_iconfont='lifestyles' title=\"Body &amp; Soul\" desc=\"Body &amp; Soul\" ><\/a><div class=\"iconbox_content\"><header class=\"entry-content-header\" aria-label=\"Icon: Body &amp; Soul\"><h3 class='iconbox_content_title '  itemprop=\"headline\" ><a href='https:\/\/www.xn--claudiaschfer-kfb.de\/?page_id=2186' title='Body &amp; Soul'  target=\"_blank\"  rel=\"noopener noreferrer\">Body &amp; Soul<\/a><\/h3><\/header><div class='iconbox_content_container '  itemprop=\"text\" ><p>Medizinisch gesehen m\u00fcssen Symptome gr\u00fcndlich diagnostiziert und therapiert werden.\u00a0 Doch es gibt mehr was Sie f\u00fcr sich tun k\u00f6nnen. Lesen Sie hier mehr \u00fcber die ganzheitliche Methode Bowtech und Reki &#8211; \u00d6l &#8211; Massagen mit der Kraft von Magneten, transformative K\u00f6rpertherapy und Entspannung pur.<\/p>\n<\/div><\/div><footer class=\"entry-footer\"><\/footer><\/article><\/div>\n\n<\/div><\/div><\/div><!-- close content main div --><\/div><\/div><div id='welcome'  class='av-layout-grid-container av-av_layout_row-90f594a971eb443337a9405a7679841e entry-content-wrapper main_color av-fixed-cells  avia-builder-el-21  el_after_av_section  avia-builder-el-last  grid-row-not-first  container_wrap sidebar_right'  >\n\n<style type=\"text\/css\" data-created_by=\"avia_inline_auto\" id=\"style-css-av-av_cell_one_fourth-01b380518496217782e83ab35321a1df\">\n.flex_cell.av-av_cell_one_fourth-01b380518496217782e83ab35321a1df{\nvertical-align:top;\nheight:15px;\nmin-height:15px;\nbackground-color:#4d0a40;\n}\n.responsive #top #wrap_all .flex_cell.av-av_cell_one_fourth-01b380518496217782e83ab35321a1df{\npadding:0px 0px 0px 0px !important;\n}\n<\/style>\n<div class='flex_cell av-av_cell_one_fourth-01b380518496217782e83ab35321a1df av-gridrow-cell av_one_fourth no_margin  avia-builder-el-22  el_before_av_cell_one_fourth  avia-builder-el-first  content-align-top av-zero-padding'  ><div class='flex_cell_inner'><\/div><\/div>\n<style type=\"text\/css\" data-created_by=\"avia_inline_auto\" id=\"style-css-av-av_cell_one_fourth-01b380518496217782e83ab35321a1df\">\n.flex_cell.av-av_cell_one_fourth-01b380518496217782e83ab35321a1df{\nvertical-align:top;\nheight:15px;\nmin-height:15px;\nbackground-color:#4d0a40;\n}\n.responsive #top #wrap_all .flex_cell.av-av_cell_one_fourth-01b380518496217782e83ab35321a1df{\npadding:0px 0px 0px 0px !important;\n}\n<\/style>\n<div class='flex_cell av-av_cell_one_fourth-01b380518496217782e83ab35321a1df av-gridrow-cell av_one_fourth no_margin  avia-builder-el-23  el_after_av_cell_one_fourth  el_before_av_cell_one_fourth  content-align-top av-zero-padding'  ><div class='flex_cell_inner'><\/div><\/div>\n<style type=\"text\/css\" data-created_by=\"avia_inline_auto\" id=\"style-css-av-av_cell_one_fourth-01b380518496217782e83ab35321a1df\">\n.flex_cell.av-av_cell_one_fourth-01b380518496217782e83ab35321a1df{\nvertical-align:top;\nheight:15px;\nmin-height:15px;\nbackground-color:#4d0a40;\n}\n.responsive #top #wrap_all .flex_cell.av-av_cell_one_fourth-01b380518496217782e83ab35321a1df{\npadding:0px 0px 0px 0px !important;\n}\n<\/style>\n<div class='flex_cell av-av_cell_one_fourth-01b380518496217782e83ab35321a1df av-gridrow-cell av_one_fourth no_margin  avia-builder-el-24  el_after_av_cell_one_fourth  el_before_av_cell_one_fourth  content-align-top av-zero-padding'  ><div class='flex_cell_inner'><\/div><\/div>\n<style type=\"text\/css\" data-created_by=\"avia_inline_auto\" id=\"style-css-av-av_cell_one_fourth-01b380518496217782e83ab35321a1df\">\n.flex_cell.av-av_cell_one_fourth-01b380518496217782e83ab35321a1df{\nvertical-align:top;\nheight:15px;\nmin-height:15px;\nbackground-color:#4d0a40;\n}\n.responsive #top #wrap_all .flex_cell.av-av_cell_one_fourth-01b380518496217782e83ab35321a1df{\npadding:0px 0px 0px 0px !important;\n}\n<\/style>\n<div class='flex_cell av-av_cell_one_fourth-01b380518496217782e83ab35321a1df av-gridrow-cell av_one_fourth no_margin  avia-builder-el-25  el_after_av_cell_one_fourth  avia-builder-el-last  content-align-top av-zero-padding'  ><div class='flex_cell_inner'><\/div><\/div>\n<\/div>\n<div class=\"twoclick_social_bookmarks_post_253 social_share_privacy clearfix 1.6.4 locale-de_DE sprite-de_DE\"><\/div><div class=\"twoclick-js\"><script type=\"text\/javascript\">\/* <![CDATA[ *\/\njQuery(document).ready(function($){if($('.twoclick_social_bookmarks_post_253')){$('.twoclick_social_bookmarks_post_253').socialSharePrivacy({\"services\":{\"facebook\":{\"status\":\"on\",\"txt_info\":\"2 Klicks f\\u00fcr mehr Datenschutz: Erst wenn Sie hier klicken, wird der Button aktiv und Sie k\\u00f6nnen Ihre Empfehlung an Facebook senden. Schon beim Aktivieren werden Daten an Dritte \\u00fcbertragen - siehe <em>i<\\\/em>.\",\"perma_option\":\"off\",\"action\":\"like\",\"language\":\"de_DE\"},\"twitter\":{\"reply_to\":\"\",\"tweet_text\":\"About%20%C2%BB%20Claudia%20Sch%C3%A4fer\",\"status\":\"on\",\"txt_info\":\"2 Klicks f\\u00fcr mehr Datenschutz: Erst wenn Sie hier klicken, wird der Button aktiv und Sie k\\u00f6nnen Ihre Empfehlung an Twitter senden. Schon beim Aktivieren werden Daten an Dritte \\u00fcbertragen - siehe <em>i<\\\/em>.\",\"perma_option\":\"off\",\"language\":\"de\",\"referrer_track\":\"\"},\"gplus\":{\"status\":\"on\",\"txt_info\":\"2 Klicks f\\u00fcr mehr Datenschutz: Erst wenn Sie hier klicken, wird der Button aktiv und Sie k\\u00f6nnen Ihre Empfehlung an Google+ senden. Schon beim Aktivieren werden Daten an Dritte \\u00fcbertragen - siehe <em>i<\\\/em>.\",\"perma_option\":\"off\",\"referrer_track\":\"\"},\"xing\":{\"status\":\"on\",\"txt_info\":\"2 Klicks f\\u00fcr mehr Datenschutz: Erst wenn Sie hier klicken, wird der Button aktiv und Sie k\\u00f6nnen Ihre Empfehlung an Xing senden. Schon beim Aktivieren werden Daten an Dritte \\u00fcbertragen - siehe <em>i<\\\/em>.\",\"perma_option\":\"off\",\"language\":\"de\",\"referrer_track\":\"\"}},\"txt_help\":\"Wenn Sie diese Felder durch einen Klick aktivieren, werden Informationen an Facebook, Twitter, Flattr, Xing, t3n, LinkedIn, Pinterest oder Google eventuell ins Ausland \\u00fcbertragen und unter Umst\\u00e4nden auch dort gespeichert. N\\u00e4heres erfahren Sie durch einen Klick auf das <em>i<\\\/em>.\",\"settings_perma\":\"Dauerhaft aktivieren und Daten\\u00fcber-tragung zustimmen:\",\"info_link\":\"http:\\\/\\\/www.heise.de\\\/ct\\\/artikel\\\/2-Klicks-fuer-mehr-Datenschutz-1333879.html\",\"uri\":\"https:\\\/\\\/www.xn--claudiaschfer-kfb.de\\\/?page_id=253\",\"post_id\":253,\"post_title_referrer_track\":\"About\",\"display_infobox\":\"on\"});}});\n\/* ]]> *\/<\/script><\/div>","protected":false},"excerpt":{"rendered":"","protected":false},"author":138,"featured_media":0,"parent":0,"menu_order":0,"comment_status":"closed","ping_status":"closed","template":"","meta":{"footnotes":""},"class_list":["post-253","page","type-page","status-publish","hentry"],"aioseo_notices":[],"_links":{"self":[{"href":"https:\/\/www.xn--claudiaschfer-kfb.de\/index.php?rest_route=\/wp\/v2\/pages\/253","targetHints":{"allow":["GET"]}}],"collection":[{"href":"https:\/\/www.xn--claudiaschfer-kfb.de\/index.php?rest_route=\/wp\/v2\/pages"}],"about":[{"href":"https:\/\/www.xn--claudiaschfer-kfb.de\/index.php?rest_route=\/wp\/v2\/types\/page"}],"author":[{"embeddable":true,"href":"https:\/\/www.xn--claudiaschfer-kfb.de\/index.php?rest_route=\/wp\/v2\/users\/138"}],"replies":[{"embeddable":true,"href":"https:\/\/www.xn--claudiaschfer-kfb.de\/index.php?rest_route=%2Fwp%2Fv2%2Fcomments&post=253"}],"version-history":[{"count":0,"href":"https:\/\/www.xn--claudiaschfer-kfb.de\/index.php?rest_route=\/wp\/v2\/pages\/253\/revisions"}],"wp:attachment":[{"href":"https:\/\/www.xn--claudiaschfer-kfb.de\/index.php?rest_route=%2Fwp%2Fv2%2Fmedia&parent=253"}],"curies":[{"name":"wp","href":"https:\/\/api.w.org\/{rel}","templated":true}]}}